{"id":2326,"date":"2025-05-27T22:39:42","date_gmt":"2025-05-27T22:39:42","guid":{"rendered":"https:\/\/shinyexpatriefrenchie.com\/?page_id=2326"},"modified":"2025-12-10T20:42:25","modified_gmt":"2025-12-10T20:42:25","slug":"creation-ugc","status":"publish","type":"page","link":"https:\/\/shinyexpatriefrenchie.com\/fr\/creation-ugc\/","title":{"rendered":"Cr\u00e9ation de contenu"},"content":{"rendered":"<div data-elementor-type=\"wp-page\" data-elementor-id=\"2326\" class=\"elementor elementor-2326\">\n\t\t\t\t<div class=\"elementor-element elementor-element-4b8618e e-flex e-con-boxed wpr-particle-no wpr-jarallax-no wpr-parallax-no wpr-sticky-section-no e-con e-parent\" data-id=\"4b8618e\" data-element_type=\"container\">\n\t\t\t\t\t<div class=\"e-con-inner\">\n\t\t\t\t<div class=\"elementor-element elementor-element-e9118af elementor-widget elementor-widget-image\" data-id=\"e9118af\" data-element_type=\"widget\" data-widget_type=\"image.default\">\n\t\t\t\t<div class=\"elementor-widget-container\">\n\t\t\t\t\t\t\t\t\t\t\t\t\t\t\t<img fetchpriority=\"high\" decoding=\"async\" width=\"1200\" height=\"300\" src=\"https:\/\/shinyexpatriefrenchie.com\/wp-content\/uploads\/2025\/12\/Banniere-Creation-de-contenu-1.png\" class=\"attachment-full size-full wp-image-3023\" alt=\"Content Creation by SEF\" srcset=\"https:\/\/shinyexpatriefrenchie.com\/wp-content\/uploads\/2025\/12\/Banniere-Creation-de-contenu-1.png 1200w, https:\/\/shinyexpatriefrenchie.com\/wp-content\/uploads\/2025\/12\/Banniere-Creation-de-contenu-1-300x75.png 300w, https:\/\/shinyexpatriefrenchie.com\/wp-content\/uploads\/2025\/12\/Banniere-Creation-de-contenu-1-1024x256.png 1024w, https:\/\/shinyexpatriefrenchie.com\/wp-content\/uploads\/2025\/12\/Banniere-Creation-de-contenu-1-768x192.png 768w, https:\/\/shinyexpatriefrenchie.com\/wp-content\/uploads\/2025\/12\/Banniere-Creation-de-contenu-1-18x5.png 18w\" sizes=\"(max-width: 1200px) 100vw, 1200px\" \/>\t\t\t\t\t\t\t\t\t\t\t\t\t\t\t<\/div>\n\t\t\t\t<\/div>\n\t\t\t\t\t<\/div>\n\t\t\t\t<\/div>\n\t\t<div class=\"elementor-element elementor-element-0f56b26 e-flex e-con-boxed wpr-particle-no wpr-jarallax-no wpr-parallax-no wpr-sticky-section-no e-con e-parent\" data-id=\"0f56b26\" data-element_type=\"container\">\n\t\t\t\t\t<div class=\"e-con-inner\">\n\t\t\t\t<div class=\"elementor-element elementor-element-f95a49d elementor-widget elementor-widget-heading\" data-id=\"f95a49d\" data-element_type=\"widget\" data-widget_type=\"heading.default\">\n\t\t\t\t<div class=\"elementor-widget-container\">\n\t\t\t\t\t<h3 class=\"elementor-heading-title elementor-size-default\">Du contenu authentique, inspir\u00e9 par mes voyages et mes exp\u00e9riences<\/h3>\t\t\t\t<\/div>\n\t\t\t\t<\/div>\n\t\t\t\t\t<\/div>\n\t\t\t\t<\/div>\n\t\t<div class=\"elementor-element elementor-element-794ff98 e-flex e-con-boxed wpr-particle-no wpr-jarallax-no wpr-parallax-no wpr-sticky-section-no e-con e-parent\" data-id=\"794ff98\" data-element_type=\"container\">\n\t\t\t\t\t<div class=\"e-con-inner\">\n\t\t\t\t<div class=\"elementor-element elementor-element-0cd6a0c elementor-widget elementor-widget-heading\" data-id=\"0cd6a0c\" data-element_type=\"widget\" data-widget_type=\"heading.default\">\n\t\t\t\t<div class=\"elementor-widget-container\">\n\t\t\t\t\t<h4 class=\"elementor-heading-title elementor-size-default\">Je cr\u00e9e du contenu authentique et accessible, m\u00ealant storytelling et savoir-faire en marketing.<\/h4>\t\t\t\t<\/div>\n\t\t\t\t<\/div>\n\t\t\t\t\t<\/div>\n\t\t\t\t<\/div>\n\t\t<div class=\"elementor-element elementor-element-2219fc13 e-flex e-con-boxed wpr-particle-no wpr-jarallax-no wpr-parallax-no wpr-sticky-section-no e-con e-parent\" data-id=\"2219fc13\" data-element_type=\"container\">\n\t\t\t\t\t<div class=\"e-con-inner\">\n\t\t\t\t<div class=\"elementor-element elementor-element-51e66998 elementor-widget elementor-widget-text-editor\" data-id=\"51e66998\" data-element_type=\"widget\" data-widget_type=\"text-editor.default\">\n\t\t\t\t<div class=\"elementor-widget-container\">\n\t\t\t\t\t\t\t\t\t\n<p style=\"text-align: center;\"><span style=\"color: #000000;\">En tant que voyageuse qui documente chacune de ses aventures : des prises de vue par drone aux moments spontan\u00e9s : j\u2019adopte une approche de storytelling naturelle dans tout ce que je cr\u00e9e. Mon exp\u00e9rience en marketing, communication et organisation d\u2019\u00e9v\u00e9nements me permet de concevoir des visuels et des r\u00e9cits authentiques, engageants et en accord avec l\u2019identit\u00e9 d\u2019une marque. J\u2019aime mettre en valeur des destinations inspirantes ainsi que les indispensables qui m'accompagne sur chaque voyage.<\/span><\/p>\n\t\t\t\t\t\t\t\t<\/div>\n\t\t\t\t<\/div>\n\t\t\t\t\t<\/div>\n\t\t\t\t<\/div>\n\t\t<div class=\"elementor-element elementor-element-540d2b3 e-flex e-con-boxed wpr-particle-no wpr-jarallax-no wpr-parallax-no wpr-sticky-section-no e-con e-parent\" data-id=\"540d2b3\" data-element_type=\"container\">\n\t\t\t\t\t<div class=\"e-con-inner\">\n\t\t\t\t<div class=\"elementor-element elementor-element-55eeb2a elementor-widget elementor-widget-heading\" data-id=\"55eeb2a\" data-element_type=\"widget\" data-widget_type=\"heading.default\">\n\t\t\t\t<div class=\"elementor-widget-container\">\n\t\t\t\t\t<h5 class=\"elementor-heading-title elementor-size-default\">Ce que je propose <\/h5>\t\t\t\t<\/div>\n\t\t\t\t<\/div>\n\t\t\t\t\t<\/div>\n\t\t\t\t<\/div>\n\t\t<div class=\"elementor-element elementor-element-8c9250e e-flex e-con-boxed wpr-particle-no wpr-jarallax-no wpr-parallax-no wpr-sticky-section-no e-con e-parent\" data-id=\"8c9250e\" data-element_type=\"container\">\n\t\t\t\t\t<div class=\"e-con-inner\">\n\t\t\t\t<div class=\"elementor-element elementor-element-8136f97 elementor-widget elementor-widget-text-editor\" data-id=\"8136f97\" data-element_type=\"widget\" data-widget_type=\"text-editor.default\">\n\t\t\t\t<div class=\"elementor-widget-container\">\n\t\t\t\t\t\t\t\t\t<ul>\n<li><span style=\"color: #000000;\">Vid\u00e9os courtes (TikTok, Reels, YouTube Shorts)<\/span><\/li>\n<li data-start=\"1293\" data-end=\"1344\"><span style=\"color: #000000;\">Unboxings, vid\u00e9os avec voix off, tutoriels, d\u00e9monstrations de produits<\/span><\/li>\n<li data-start=\"1293\" data-end=\"1344\"><span style=\"color: #000000;\">Photographie lifestyle et contenus tropicaux<\/span><\/li>\n<li data-start=\"1293\" data-end=\"1344\"><span style=\"color: #000000;\">Scripts inclus ou cr\u00e9\u00e9s de toutes pi\u00e8ces<\/span><\/li>\n<li data-start=\"1345\" data-end=\"1402\">\n<p data-start=\"1347\" data-end=\"1402\"><span style=\"color: #000000;\">Livraison rapide, disponible en anglais ou en fran\u00e7ais<\/span><\/p>\n<\/li>\n<\/ul>\t\t\t\t\t\t\t\t<\/div>\n\t\t\t\t<\/div>\n\t\t\t\t<div class=\"elementor-element elementor-element-a2b74fb elementor-widget elementor-widget-heading\" data-id=\"a2b74fb\" data-element_type=\"widget\" data-widget_type=\"heading.default\">\n\t\t\t\t<div class=\"elementor-widget-container\">\n\t\t\t\t\t<h5 class=\"elementor-heading-title elementor-size-default\">Pourquoi travailler avec moi ? <\/h5>\t\t\t\t<\/div>\n\t\t\t\t<\/div>\n\t\t\t\t\t<\/div>\n\t\t\t\t<\/div>\n\t\t<div class=\"elementor-element elementor-element-e1d78dd e-flex e-con-boxed wpr-particle-no wpr-jarallax-no wpr-parallax-no wpr-sticky-section-no e-con e-parent\" data-id=\"e1d78dd\" data-element_type=\"container\">\n\t\t\t\t\t<div class=\"e-con-inner\">\n\t\t\t\t<div class=\"elementor-element elementor-element-0ba0d0d elementor-widget elementor-widget-text-editor\" data-id=\"0ba0d0d\" data-element_type=\"widget\" data-widget_type=\"text-editor.default\">\n\t\t\t\t<div class=\"elementor-widget-container\">\n\t\t\t\t\t\t\t\t\t<ul>\n<li><span style=\"color: #000000;\">Des lieux uniques et remarquables : actuellement bas\u00e9e dans les Cara\u00efbes, mais disponible partout dans le monde<\/span><\/li>\n<li><span style=\"color: #000000;\">Fran\u00e7aise native avec une vision internationale<\/span><\/li>\n<li><span style=\"color: #000000;\">Solide exp\u00e9rience en marketing, communication et gestion d\u2019\u00e9v\u00e9nements<\/span><\/li>\n<li data-start=\"1710\" data-end=\"1744\">\n<p data-start=\"1712\" data-end=\"1744\"><span style=\"color: #000000;\">Flexible, collaborative et agr\u00e9able \u00e0 travailler<\/span><\/p>\n<\/li>\n<\/ul>\t\t\t\t\t\t\t\t<\/div>\n\t\t\t\t<\/div>\n\t\t\t\t\t<\/div>\n\t\t\t\t<\/div>\n\t\t<div class=\"elementor-element elementor-element-5f155db e-flex e-con-boxed wpr-particle-no wpr-jarallax-no wpr-parallax-no wpr-sticky-section-no e-con e-parent\" data-id=\"5f155db\" data-element_type=\"container\">\n\t\t\t\t\t<div class=\"e-con-inner\">\n\t\t\t\t<div class=\"elementor-element elementor-element-fadadd5 elementor-widget elementor-widget-heading\" data-id=\"fadadd5\" data-element_type=\"widget\" data-widget_type=\"heading.default\">\n\t\t\t\t<div class=\"elementor-widget-container\">\n\t\t\t\t\t<h4 class=\"elementor-heading-title elementor-size-default\">Pr\u00eat \u00e0 dynamiser votre contenu ? Cr\u00e9ons quelque chose de magnifique.<\/h4>\t\t\t\t<\/div>\n\t\t\t\t<\/div>\n\t\t\t\t\t<\/div>\n\t\t\t\t<\/div>\n\t\t<div class=\"elementor-element elementor-element-46481ce e-flex e-con-boxed wpr-particle-no wpr-jarallax-no wpr-parallax-no wpr-sticky-section-no e-con e-parent\" data-id=\"46481ce\" data-element_type=\"container\">\n\t\t\t\t\t<div class=\"e-con-inner\">\n\t\t\t\t<div class=\"elementor-element elementor-element-fc2e7ec elementor-align-center elementor-widget elementor-widget-button\" data-id=\"fc2e7ec\" data-element_type=\"widget\" data-widget_type=\"button.default\">\n\t\t\t\t<div class=\"elementor-widget-container\">\n\t\t\t\t\t\t\t\t\t<div class=\"elementor-button-wrapper\">\n\t\t\t\t\t<a class=\"elementor-button elementor-button-link elementor-size-sm\" href=\"mailto:valentinelouisemarie@gmail.com\" target=\"_blank\">\n\t\t\t\t\t\t<span class=\"elementor-button-content-wrapper\">\n\t\t\t\t\t\t<span class=\"elementor-button-icon\">\n\t\t\t\t<svg aria-hidden=\"true\" class=\"e-font-icon-svg e-far-envelope\" viewbox=\"0 0 512 512\" xmlns=\"http:\/\/www.w3.org\/2000\/svg\"><path d=\"M464 64H48C21.49 64 0 85.49 0 112v288c0 26.51 21.49 48 48 48h416c26.51 0 48-21.49 48-48V112c0-26.51-21.49-48-48-48zm0 48v40.805c-22.422 18.259-58.168 46.651-134.587 106.49-16.841 13.247-50.201 45.072-73.413 44.701-23.208.375-56.579-31.459-73.413-44.701C106.18 199.465 70.425 171.067 48 152.805V112h416zM48 400V214.398c22.914 18.251 55.409 43.862 104.938 82.646 21.857 17.205 60.134 55.186 103.062 54.955 42.717.231 80.509-37.199 103.053-54.947 49.528-38.783 82.032-64.401 104.947-82.653V400H48z\"><\/path><\/svg>\t\t\t<\/span>\n\t\t\t\t\t\t\t\t\t<span class=\"elementor-button-text\">Contactez-moi pour les tarifs et disponibilit\u00e9s<\/span>\n\t\t\t\t\t<\/span>\n\t\t\t\t\t<\/a>\n\t\t\t\t<\/div>\n\t\t\t\t\t\t\t\t<\/div>\n\t\t\t\t<\/div>\n\t\t\t\t\t<\/div>\n\t\t\t\t<\/div>\n\t\t\t\t<\/div>","protected":false},"excerpt":{"rendered":"<p>Authentic content rooted in exploration and real experiences I create authentic, relatable visuals infused with storytelling and grounded in marketing understanding. As a traveler who documents every adventure : from drone shots to spontaneous moments. I bring a natural storytelling approach to everything I create. My background in marketing, communication, and event production helps me shape visuals and narratives that feel real, engaging, and aligned with a brand\u2019s identity. I love showcasing inspiring destinations as well as the essentials that elevate every journey. What I offer ? Short-form videos (TikTok, Reels, YouTube Shorts) Unboxings, voiceover videos, tutorials, product demos Lifestyle photography &amp; tropical content Scripts included or created from scratch Fast turnaround, available in English or French Why work with me ? Offering unique and eye-catching locations : currently based in the Caribbean, but available worldwide Native French speaker with an international perspective Solid experience in marketing, communication, and event management Flexible, collaborative, and easy to work with Ready to boost your content? Let\u2019s create something beautiful. Contact me for pricing &amp; avaibility<\/p>","protected":false},"author":1,"featured_media":0,"parent":0,"menu_order":0,"comment_status":"closed","ping_status":"closed","template":"","meta":{"_uag_custom_page_level_css":"","wprm-recipe-roundup-name":"","wprm-recipe-roundup-description":"","site-sidebar-layout":"default","site-content-layout":"","ast-site-content-layout":"default","site-content-style":"default","site-sidebar-style":"default","ast-global-header-display":"","ast-banner-title-visibility":"","ast-main-header-display":"","ast-hfb-above-header-display":"","ast-hfb-below-header-display":"","ast-hfb-mobile-header-display":"","site-post-title":"disabled","ast-breadcrumbs-content":"","ast-featured-img":"","footer-sml-layout":"","theme-transparent-header-meta":"","adv-header-id-meta":"","stick-header-meta":"","header-above-stick-meta":"","header-main-stick-meta":"","header-below-stick-meta":"","astra-migrate-meta-layouts":"set","ast-page-background-enabled":"default","ast-page-background-meta":{"desktop":{"background-color":"","background-image":"","background-repeat":"repeat","background-position":"center center","background-size":"auto","background-attachment":"scroll","background-type":"","background-media":"","overlay-type":"","overlay-color":"","overlay-opacity":"","overlay-gradient":""},"tablet":{"background-color":"","background-image":"","background-repeat":"repeat","background-position":"center center","background-size":"auto","background-attachment":"scroll","background-type":"","background-media":"","overlay-type":"","overlay-color":"","overlay-opacity":"","overlay-gradient":""},"mobile":{"background-color":"","background-image":"","background-repeat":"repeat","background-position":"center center","background-size":"auto","background-attachment":"scroll","background-type":"","background-media":"","overlay-type":"","overlay-color":"","overlay-opacity":"","overlay-gradient":""}},"ast-content-background-meta":{"desktop":{"background-color":"var(--ast-global-color-5)","background-image":"","background-repeat":"repeat","background-position":"center center","background-size":"auto","background-attachment":"scroll","background-type":"","background-media":"","overlay-type":"","overlay-color":"","overlay-opacity":"","overlay-gradient":""},"tablet":{"background-color":"var(--ast-global-color-5)","background-image":"","background-repeat":"repeat","background-position":"center center","background-size":"auto","background-attachment":"scroll","background-type":"","background-media":"","overlay-type":"","overlay-color":"","overlay-opacity":"","overlay-gradient":""},"mobile":{"background-color":"var(--ast-global-color-5)","background-image":"","background-repeat":"repeat","background-position":"center center","background-size":"auto","background-attachment":"scroll","background-type":"","background-media":"","overlay-type":"","overlay-color":"","overlay-opacity":"","overlay-gradient":""}},"footnotes":""},"class_list":["post-2326","page","type-page","status-publish","hentry"],"aioseo_notices":[],"uagb_featured_image_src":{"full":false,"thumbnail":false,"medium":false,"medium_large":false,"large":false,"1536x1536":false,"2048x2048":false,"trp-custom-language-flag":false,"wprm-metadata-1_1":false,"wprm-metadata-4_3":false,"wprm-metadata-16_9":false},"uagb_author_info":{"display_name":"valentinelouisemarie@gmail.com","author_link":"https:\/\/shinyexpatriefrenchie.com\/fr\/author\/valentinelouisemariegmail-com\/"},"uagb_comment_info":0,"uagb_excerpt":"Authentic content rooted in exploration and real experiences I create authentic, relatable visuals infused with storytelling and grounded in marketing understanding. As a traveler who documents every adventure : from drone shots to spontaneous moments. I bring a natural storytelling approach to everything I create. My background in marketing, communication, and event production helps me\u2026","_links":{"self":[{"href":"https:\/\/shinyexpatriefrenchie.com\/fr\/wp-json\/wp\/v2\/pages\/2326","targetHints":{"allow":["GET"]}}],"collection":[{"href":"https:\/\/shinyexpatriefrenchie.com\/fr\/wp-json\/wp\/v2\/pages"}],"about":[{"href":"https:\/\/shinyexpatriefrenchie.com\/fr\/wp-json\/wp\/v2\/types\/page"}],"author":[{"embeddable":true,"href":"https:\/\/shinyexpatriefrenchie.com\/fr\/wp-json\/wp\/v2\/users\/1"}],"replies":[{"embeddable":true,"href":"https:\/\/shinyexpatriefrenchie.com\/fr\/wp-json\/wp\/v2\/comments?post=2326"}],"version-history":[{"count":14,"href":"https:\/\/shinyexpatriefrenchie.com\/fr\/wp-json\/wp\/v2\/pages\/2326\/revisions"}],"predecessor-version":[{"id":3027,"href":"https:\/\/shinyexpatriefrenchie.com\/fr\/wp-json\/wp\/v2\/pages\/2326\/revisions\/3027"}],"wp:attachment":[{"href":"https:\/\/shinyexpatriefrenchie.com\/fr\/wp-json\/wp\/v2\/media?parent=2326"}],"curies":[{"name":"wp","href":"https:\/\/api.w.org\/{rel}","templated":true}]}}