{"id":2327,"date":"2025-05-27T22:39:42","date_gmt":"2025-05-27T22:39:42","guid":{"rendered":"https:\/\/shinyexpatriefrenchie.com\/?page_id=2327"},"modified":"2025-12-10T21:57:14","modified_gmt":"2025-12-10T21:57:14","slug":"marketing-strategy","status":"publish","type":"page","link":"https:\/\/shinyexpatriefrenchie.com\/fr\/marketing-strategy\/","title":{"rendered":"Conseils Marketing"},"content":{"rendered":"<div data-elementor-type=\"wp-page\" data-elementor-id=\"2327\" class=\"elementor elementor-2327\">\n\t\t\t\t<div class=\"elementor-element elementor-element-97403d2 e-flex e-con-boxed wpr-particle-no wpr-jarallax-no wpr-parallax-no wpr-sticky-section-no e-con e-parent\" data-id=\"97403d2\" data-element_type=\"container\">\n\t\t\t\t\t<div class=\"e-con-inner\">\n\t\t\t\t<div class=\"elementor-element elementor-element-032908b elementor-widget elementor-widget-image\" data-id=\"032908b\" data-element_type=\"widget\" data-widget_type=\"image.default\">\n\t\t\t\t<div class=\"elementor-widget-container\">\n\t\t\t\t\t\t\t\t\t\t\t\t\t\t\t<img fetchpriority=\"high\" decoding=\"async\" width=\"1024\" height=\"256\" src=\"https:\/\/shinyexpatriefrenchie.com\/wp-content\/uploads\/2025\/12\/Banniere-conseils-marketing.png\" class=\"attachment-large size-large wp-image-3043\" alt=\"Marketing Advices by SEF\" srcset=\"https:\/\/shinyexpatriefrenchie.com\/wp-content\/uploads\/2025\/12\/Banniere-conseils-marketing.png 1200w, https:\/\/shinyexpatriefrenchie.com\/wp-content\/uploads\/2025\/12\/Banniere-conseils-marketing-300x75.png 300w, https:\/\/shinyexpatriefrenchie.com\/wp-content\/uploads\/2025\/12\/Banniere-conseils-marketing-1024x256.png 1024w, https:\/\/shinyexpatriefrenchie.com\/wp-content\/uploads\/2025\/12\/Banniere-conseils-marketing-768x192.png 768w, https:\/\/shinyexpatriefrenchie.com\/wp-content\/uploads\/2025\/12\/Banniere-conseils-marketing-18x5.png 18w\" sizes=\"(max-width: 1024px) 100vw, 1024px\" \/>\t\t\t\t\t\t\t\t\t\t\t\t\t\t\t<\/div>\n\t\t\t\t<\/div>\n\t\t\t\t\t<\/div>\n\t\t\t\t<\/div>\n\t\t<div class=\"elementor-element elementor-element-a4f13c4 e-flex e-con-boxed wpr-particle-no wpr-jarallax-no wpr-parallax-no wpr-sticky-section-no e-con e-parent\" data-id=\"a4f13c4\" data-element_type=\"container\">\n\t\t\t\t\t<div class=\"e-con-inner\">\n\t\t<div class=\"elementor-element elementor-element-9d19468 e-con-full e-flex wpr-particle-no wpr-jarallax-no wpr-parallax-no wpr-sticky-section-no e-con e-child\" data-id=\"9d19468\" data-element_type=\"container\">\n\t\t\t\t<div class=\"elementor-element elementor-element-2aeb1b9 elementor-widget elementor-widget-heading\" data-id=\"2aeb1b9\" data-element_type=\"widget\" data-widget_type=\"heading.default\">\n\t\t\t\t<div class=\"elementor-widget-container\">\n\t\t\t\t\t<h4 class=\"elementor-heading-title elementor-size-default\">Avec 7 ans d\u2019\u00e9tudes et d\u2019exp\u00e9rience pratique, j\u2019aide les marques du voyage, de l\u2019hospitalit\u00e9 et du lifestyle \u00e0 construire des bases marketing : de la gestion des r\u00e9seaux sociaux et la planification de contenu aux strat\u00e9gies marketing compl\u00e8tes et \u00e0 la production \u00e9v\u00e9nementielle.<\/h4>\t\t\t\t<\/div>\n\t\t\t\t<\/div>\n\t\t\t\t<\/div>\n\t\t\t\t\t<\/div>\n\t\t\t\t<\/div>\n\t\t<div class=\"elementor-element elementor-element-120697d e-flex e-con-boxed wpr-particle-no wpr-jarallax-no wpr-parallax-no wpr-sticky-section-no e-con e-parent\" data-id=\"120697d\" data-element_type=\"container\">\n\t\t\t\t\t<div class=\"e-con-inner\">\n\t\t<div class=\"elementor-element elementor-element-110e587 e-con-full e-flex wpr-particle-no wpr-jarallax-no wpr-parallax-no wpr-sticky-section-no e-con e-child\" data-id=\"110e587\" data-element_type=\"container\">\n\t\t\t\t<div class=\"elementor-element elementor-element-c16d07d elementor-widget elementor-widget-heading\" data-id=\"c16d07d\" data-element_type=\"widget\" data-widget_type=\"heading.default\">\n\t\t\t\t<div class=\"elementor-widget-container\">\n\t\t\t\t\t<h5 class=\"elementor-heading-title elementor-size-default\">Mes services <\/h5>\t\t\t\t<\/div>\n\t\t\t\t<\/div>\n\t\t\t\t<\/div>\n\t\t\t\t\t<\/div>\n\t\t\t\t<\/div>\n\t\t<div class=\"elementor-element elementor-element-fe707d8 e-flex e-con-boxed wpr-particle-no wpr-jarallax-no wpr-parallax-no wpr-sticky-section-no e-con e-parent\" data-id=\"fe707d8\" data-element_type=\"container\">\n\t\t\t\t\t<div class=\"e-con-inner\">\n\t\t\t\t<div class=\"elementor-element elementor-element-1173358 elementor-widget elementor-widget-text-editor\" data-id=\"1173358\" data-element_type=\"widget\" data-widget_type=\"text-editor.default\">\n\t\t\t\t<div class=\"elementor-widget-container\">\n\t\t\t\t\t\t\t\t\t<ul><li data-start=\"203\" data-end=\"550\"><span style=\"color: #000000;\">Strat\u00e9gie et optimisation des r\u00e9seaux sociaux (Instagram\/TikTok\/Bio\/Contenu)<\/span><\/li><li data-start=\"203\" data-end=\"550\"><span style=\"color: #000000;\">Calendriers \u00e9ditoriaux et strat\u00e9gies de publication<\/span><\/li><li data-start=\"203\" data-end=\"550\"><span style=\"color: #000000;\">Id\u00e9es de storytelling de marque et direction cr\u00e9ative<\/span><\/li><li data-start=\"203\" data-end=\"550\"><span style=\"color: #000000;\">Cr\u00e9ation de briefs UGC et sourcing d\u2019influenceurs<\/span><\/li><li data-start=\"203\" data-end=\"550\"><span style=\"color: #000000;\">Strat\u00e9gie \u00e9v\u00e9nementielle, conception de concepts et r\u00e9alisation cl\u00e9 en main<\/span><\/li><li data-start=\"203\" data-end=\"550\"><span style=\"color: #000000;\">Gestion compl\u00e8te de bar et d\u2019\u00e9v\u00e9nements sur site<\/span><\/li><\/ul>\t\t\t\t\t\t\t\t<\/div>\n\t\t\t\t<\/div>\n\t\t\t\t\t<\/div>\n\t\t\t\t<\/div>\n\t\t<div class=\"elementor-element elementor-element-510573b e-flex e-con-boxed wpr-particle-no wpr-jarallax-no wpr-parallax-no wpr-sticky-section-no e-con e-parent\" data-id=\"510573b\" data-element_type=\"container\">\n\t\t\t\t\t<div class=\"e-con-inner\">\n\t\t\t\t<div class=\"elementor-element elementor-element-49d0dbc elementor-widget elementor-widget-heading\" data-id=\"49d0dbc\" data-element_type=\"widget\" data-widget_type=\"heading.default\">\n\t\t\t\t<div class=\"elementor-widget-container\">\n\t\t\t\t\t<h5 class=\"elementor-heading-title elementor-size-default\">Pourquoi moi ?<\/h5>\t\t\t\t<\/div>\n\t\t\t\t<\/div>\n\t\t\t\t\t<\/div>\n\t\t\t\t<\/div>\n\t\t<div class=\"elementor-element elementor-element-2b4330e e-flex e-con-boxed wpr-particle-no wpr-jarallax-no wpr-parallax-no wpr-sticky-section-no e-con e-parent\" data-id=\"2b4330e\" data-element_type=\"container\">\n\t\t\t\t\t<div class=\"e-con-inner\">\n\t\t\t\t<div class=\"elementor-element elementor-element-170dc3c elementor-widget elementor-widget-text-editor\" data-id=\"170dc3c\" data-element_type=\"widget\" data-widget_type=\"text-editor.default\">\n\t\t\t\t<div class=\"elementor-widget-container\">\n\t\t\t\t\t\t\t\t\t<ul><li data-start=\"2471\" data-end=\"2510\"><span style=\"color: #000000;\">Master en Communication et Marketing<\/span><\/li><li data-start=\"2471\" data-end=\"2510\"><span style=\"color: #000000;\">Exp\u00e9rience professionnelle en Europe et en Am\u00e9rique centrale<\/span><\/li><li data-start=\"2471\" data-end=\"2510\"><span style=\"color: #000000;\">Cr\u00e9ative et orient\u00e9e business<\/span><\/li><li data-start=\"2471\" data-end=\"2510\"><span style=\"color: #000000;\">Ax\u00e9e sur l\u2019authenticit\u00e9, la clart\u00e9 et l\u2019efficacit\u00e9<\/span><\/li><\/ul>\t\t\t\t\t\t\t\t<\/div>\n\t\t\t\t<\/div>\n\t\t\t\t\t<\/div>\n\t\t\t\t<\/div>\n\t\t<div class=\"elementor-element elementor-element-443e2ef e-flex e-con-boxed wpr-particle-no wpr-jarallax-no wpr-parallax-no wpr-sticky-section-no e-con e-parent\" data-id=\"443e2ef\" data-element_type=\"container\">\n\t\t\t\t\t<div class=\"e-con-inner\">\n\t\t<div class=\"elementor-element elementor-element-1f038a4 e-con-full e-flex wpr-particle-no wpr-jarallax-no wpr-parallax-no wpr-sticky-section-no e-con e-child\" data-id=\"1f038a4\" data-element_type=\"container\">\n\t\t\t\t<div class=\"elementor-element elementor-element-fe2cc9b elementor-widget elementor-widget-heading\" data-id=\"fe2cc9b\" data-element_type=\"widget\" data-widget_type=\"heading.default\">\n\t\t\t\t<div class=\"elementor-widget-container\">\n\t\t\t\t\t<h4 class=\"elementor-heading-title elementor-size-default\">Discutons de vos besoins !<\/h4>\t\t\t\t<\/div>\n\t\t\t\t<\/div>\n\t\t\t\t<\/div>\n\t\t\t\t\t<\/div>\n\t\t\t\t<\/div>\n\t\t<div class=\"elementor-element elementor-element-0b26781 e-flex e-con-boxed wpr-particle-no wpr-jarallax-no wpr-parallax-no wpr-sticky-section-no e-con e-parent\" data-id=\"0b26781\" data-element_type=\"container\">\n\t\t\t\t\t<div class=\"e-con-inner\">\n\t\t<div class=\"elementor-element elementor-element-7f23752 e-con-full e-flex wpr-particle-no wpr-jarallax-no wpr-parallax-no wpr-sticky-section-no e-con e-child\" data-id=\"7f23752\" data-element_type=\"container\">\n\t\t\t\t<div class=\"elementor-element elementor-element-7a297fc elementor-align-center elementor-widget elementor-widget-button\" data-id=\"7a297fc\" data-element_type=\"widget\" data-widget_type=\"button.default\">\n\t\t\t\t<div class=\"elementor-widget-container\">\n\t\t\t\t\t\t\t\t\t<div class=\"elementor-button-wrapper\">\n\t\t\t\t\t<a class=\"elementor-button elementor-button-link elementor-size-sm\" href=\"mailto:valentinelouisemarie@gmail.com\" target=\"_blank\">\n\t\t\t\t\t\t<span class=\"elementor-button-content-wrapper\">\n\t\t\t\t\t\t<span class=\"elementor-button-icon\">\n\t\t\t\t<svg aria-hidden=\"true\" class=\"e-font-icon-svg e-far-envelope\" viewbox=\"0 0 512 512\" xmlns=\"http:\/\/www.w3.org\/2000\/svg\"><path d=\"M464 64H48C21.49 64 0 85.49 0 112v288c0 26.51 21.49 48 48 48h416c26.51 0 48-21.49 48-48V112c0-26.51-21.49-48-48-48zm0 48v40.805c-22.422 18.259-58.168 46.651-134.587 106.49-16.841 13.247-50.201 45.072-73.413 44.701-23.208.375-56.579-31.459-73.413-44.701C106.18 199.465 70.425 171.067 48 152.805V112h416zM48 400V214.398c22.914 18.251 55.409 43.862 104.938 82.646 21.857 17.205 60.134 55.186 103.062 54.955 42.717.231 80.509-37.199 103.053-54.947 49.528-38.783 82.032-64.401 104.947-82.653V400H48z\"><\/path><\/svg>\t\t\t<\/span>\n\t\t\t\t\t\t\t\t\t<span class=\"elementor-button-text\">Contactez moi! <\/span>\n\t\t\t\t\t<\/span>\n\t\t\t\t\t<\/a>\n\t\t\t\t<\/div>\n\t\t\t\t\t\t\t\t<\/div>\n\t\t\t\t<\/div>\n\t\t\t\t<\/div>\n\t\t\t\t\t<\/div>\n\t\t\t\t<\/div>\n\t\t\t\t<\/div>","protected":false},"excerpt":{"rendered":"<p>With 7 years of study and hands-on experience, I help travel, hospitality, and lifestyle brands build smarter marketing foundations : from social media management and content planning to full-scale marketing strategies and event production. What can I do for you ? Social media strategy &amp; optimization (Instagram\/TikTok\/Bio\/Content) Content calendars &amp; posting strategies Brand storytelling ideas &amp; creative direction UGC brief creation &amp; influencer sourcing Event strategy, concept development &amp; turnkey execution Full bar\/event management for on-site experiences Why trust me ? Master&#8217;s in Communication &amp; Marketing Professional experience in Europe &amp; Central America Creative and business-minded Focused on authenticity, clarity, and efficiency Let\u2019s talk about your needs! Contact me<\/p>","protected":false},"author":1,"featured_media":0,"parent":0,"menu_order":0,"comment_status":"closed","ping_status":"closed","template":"","meta":{"_uag_custom_page_level_css":"","wprm-recipe-roundup-name":"","wprm-recipe-roundup-description":"","site-sidebar-layout":"no-sidebar","site-content-layout":"page-builder","ast-site-content-layout":"full-width-container","site-content-style":"default","site-sidebar-style":"default","ast-global-header-display":"","ast-banner-title-visibility":"","ast-main-header-display":"","ast-hfb-above-header-display":"","ast-hfb-below-header-display":"","ast-hfb-mobile-header-display":"","site-post-title":"disabled","ast-breadcrumbs-content":"","ast-featured-img":"disabled","footer-sml-layout":"","theme-transparent-header-meta":"","adv-header-id-meta":"","stick-header-meta":"","header-above-stick-meta":"","header-main-stick-meta":"","header-below-stick-meta":"","astra-migrate-meta-layouts":"default","ast-page-background-enabled":"default","ast-page-background-meta":{"desktop":{"background-color":"","background-image":"","background-repeat":"repeat","background-position":"center center","background-size":"auto","background-attachment":"scroll","background-type":"","background-media":"","overlay-type":"","overlay-color":"","overlay-opacity":"","overlay-gradient":""},"tablet":{"background-color":"","background-image":"","background-repeat":"repeat","background-position":"center center","background-size":"auto","background-attachment":"scroll","background-type":"","background-media":"","overlay-type":"","overlay-color":"","overlay-opacity":"","overlay-gradient":""},"mobile":{"background-color":"","background-image":"","background-repeat":"repeat","background-position":"center center","background-size":"auto","background-attachment":"scroll","background-type":"","background-media":"","overlay-type":"","overlay-color":"","overlay-opacity":"","overlay-gradient":""}},"ast-content-background-meta":{"desktop":{"background-color":"var(--ast-global-color-5)","background-image":"","background-repeat":"repeat","background-position":"center center","background-size":"auto","background-attachment":"scroll","background-type":"","background-media":"","overlay-type":"","overlay-color":"","overlay-opacity":"","overlay-gradient":""},"tablet":{"background-color":"var(--ast-global-color-5)","background-image":"","background-repeat":"repeat","background-position":"center center","background-size":"auto","background-attachment":"scroll","background-type":"","background-media":"","overlay-type":"","overlay-color":"","overlay-opacity":"","overlay-gradient":""},"mobile":{"background-color":"var(--ast-global-color-5)","background-image":"","background-repeat":"repeat","background-position":"center center","background-size":"auto","background-attachment":"scroll","background-type":"","background-media":"","overlay-type":"","overlay-color":"","overlay-opacity":"","overlay-gradient":""}},"footnotes":""},"class_list":["post-2327","page","type-page","status-publish","hentry"],"aioseo_notices":[],"uagb_featured_image_src":{"full":false,"thumbnail":false,"medium":false,"medium_large":false,"large":false,"1536x1536":false,"2048x2048":false,"trp-custom-language-flag":false,"wprm-metadata-1_1":false,"wprm-metadata-4_3":false,"wprm-metadata-16_9":false},"uagb_author_info":{"display_name":"valentinelouisemarie@gmail.com","author_link":"https:\/\/shinyexpatriefrenchie.com\/fr\/author\/valentinelouisemariegmail-com\/"},"uagb_comment_info":0,"uagb_excerpt":"With 7 years of study and hands-on experience, I help travel, hospitality, and lifestyle brands build smarter marketing foundations : from social media management and content planning to full-scale marketing strategies and event production. What can I do for you ? Social media strategy &amp; optimization (Instagram\/TikTok\/Bio\/Content) Content calendars &amp; posting strategies Brand storytelling ideas\u2026","_links":{"self":[{"href":"https:\/\/shinyexpatriefrenchie.com\/fr\/wp-json\/wp\/v2\/pages\/2327","targetHints":{"allow":["GET"]}}],"collection":[{"href":"https:\/\/shinyexpatriefrenchie.com\/fr\/wp-json\/wp\/v2\/pages"}],"about":[{"href":"https:\/\/shinyexpatriefrenchie.com\/fr\/wp-json\/wp\/v2\/types\/page"}],"author":[{"embeddable":true,"href":"https:\/\/shinyexpatriefrenchie.com\/fr\/wp-json\/wp\/v2\/users\/1"}],"replies":[{"embeddable":true,"href":"https:\/\/shinyexpatriefrenchie.com\/fr\/wp-json\/wp\/v2\/comments?post=2327"}],"version-history":[{"count":15,"href":"https:\/\/shinyexpatriefrenchie.com\/fr\/wp-json\/wp\/v2\/pages\/2327\/revisions"}],"predecessor-version":[{"id":3046,"href":"https:\/\/shinyexpatriefrenchie.com\/fr\/wp-json\/wp\/v2\/pages\/2327\/revisions\/3046"}],"wp:attachment":[{"href":"https:\/\/shinyexpatriefrenchie.com\/fr\/wp-json\/wp\/v2\/media?parent=2327"}],"curies":[{"name":"wp","href":"https:\/\/api.w.org\/{rel}","templated":true}]}}