{"id":2536,"date":"2025-06-06T20:47:31","date_gmt":"2025-06-06T20:47:31","guid":{"rendered":"https:\/\/shinyexpatriefrenchie.com\/?page_id=2536"},"modified":"2025-12-10T21:44:02","modified_gmt":"2025-12-10T21:44:02","slug":"services","status":"publish","type":"page","link":"https:\/\/shinyexpatriefrenchie.com\/fr\/services\/","title":{"rendered":"Services"},"content":{"rendered":"<div data-elementor-type=\"wp-page\" data-elementor-id=\"2536\" class=\"elementor elementor-2536\">\n\t\t\t\t<div class=\"elementor-element elementor-element-5be80e7 e-flex e-con-boxed wpr-particle-no wpr-jarallax-no wpr-parallax-no wpr-sticky-section-no e-con e-parent\" data-id=\"5be80e7\" data-element_type=\"container\">\n\t\t\t\t\t<div class=\"e-con-inner\">\n\t\t\t\t<div class=\"elementor-element elementor-element-23342b7 elementor-widget elementor-widget-image\" data-id=\"23342b7\" data-element_type=\"widget\" data-widget_type=\"image.default\">\n\t\t\t\t<div class=\"elementor-widget-container\">\n\t\t\t\t\t\t\t\t\t\t\t\t\t\t\t<img fetchpriority=\"high\" decoding=\"async\" width=\"1200\" height=\"300\" src=\"https:\/\/shinyexpatriefrenchie.com\/wp-content\/uploads\/2025\/06\/Banniere-services-.png\" class=\"attachment-full size-full wp-image-2549\" alt=\"\" srcset=\"https:\/\/shinyexpatriefrenchie.com\/wp-content\/uploads\/2025\/06\/Banniere-services-.png 1200w, https:\/\/shinyexpatriefrenchie.com\/wp-content\/uploads\/2025\/06\/Banniere-services--300x75.png 300w, https:\/\/shinyexpatriefrenchie.com\/wp-content\/uploads\/2025\/06\/Banniere-services--1024x256.png 1024w, https:\/\/shinyexpatriefrenchie.com\/wp-content\/uploads\/2025\/06\/Banniere-services--768x192.png 768w\" sizes=\"(max-width: 1200px) 100vw, 1200px\" \/>\t\t\t\t\t\t\t\t\t\t\t\t\t\t\t<\/div>\n\t\t\t\t<\/div>\n\t\t\t\t\t<\/div>\n\t\t\t\t<\/div>\n\t\t<div class=\"elementor-element elementor-element-1f30e07 e-flex e-con-boxed wpr-particle-no wpr-jarallax-no wpr-parallax-no wpr-sticky-section-no e-con e-parent\" data-id=\"1f30e07\" data-element_type=\"container\">\n\t\t\t\t\t<div class=\"e-con-inner\">\n\t\t\t\t<div class=\"elementor-element elementor-element-ae5fd9d elementor-widget elementor-widget-heading\" data-id=\"ae5fd9d\" data-element_type=\"widget\" data-widget_type=\"heading.default\">\n\t\t\t\t<div class=\"elementor-widget-container\">\n\t\t\t\t\t<h4 class=\"elementor-heading-title elementor-size-default\">Services cr\u00e9atifs et strat\u00e9giques pour les marques du voyage et de l\u2019hospitalit\u00e9, incluant la cr\u00e9ation de contenu, la gestion des r\u00e9seaux sociaux, la strat\u00e9gie marketing et l\u2019organisation d\u2019\u00e9v\u00e9nements.<\/h4>\t\t\t\t<\/div>\n\t\t\t\t<\/div>\n\t\t\t\t\t<\/div>\n\t\t\t\t<\/div>\n\t\t<div class=\"elementor-element elementor-element-59161d5 e-flex e-con-boxed wpr-particle-no wpr-jarallax-no wpr-parallax-no wpr-sticky-section-no e-con e-parent\" data-id=\"59161d5\" data-element_type=\"container\">\n\t\t\t\t\t<div class=\"e-con-inner\">\n\t\t\t\t<div class=\"elementor-element elementor-element-bba5c6f elementor-widget elementor-widget-text-editor\" data-id=\"bba5c6f\" data-element_type=\"widget\" data-widget_type=\"text-editor.default\">\n\t\t\t\t<div class=\"elementor-widget-container\">\n\t\t\t\t\t\t\t\t\t<p style=\"text-align: center;\"><span style=\"color: #000000;\">Je suis une fran\u00e7aise qui cr\u00e9\u00e9 du contenu et r\u00e9alise des strat\u00e9gies marketing, actuellement bas\u00e9e sur une \u00eele tropicale mais disponible partout dans le monde. Forte d\u2019une exp\u00e9rience en \u00e9v\u00e9nementiel et en communication, j\u2019allie du storytelling visuel et de la r\u00e9flexion strat\u00e9gique. Qu\u2019il s\u2019agisse de cr\u00e9er du contenu pour mettre en valeur vos produits ou de vous accompagner dans votre strat\u00e9gie marketing globale, je propose des solutions qui donnent vie \u00e0 votre marque.<\/span><\/p>\t\t\t\t\t\t\t\t<\/div>\n\t\t\t\t<\/div>\n\t\t\t\t\t<\/div>\n\t\t\t\t<\/div>\n\t\t<div class=\"elementor-element elementor-element-603bd3a e-flex e-con-boxed wpr-particle-no wpr-jarallax-no wpr-parallax-no wpr-sticky-section-no e-con e-parent\" data-id=\"603bd3a\" data-element_type=\"container\">\n\t\t\t\t\t<div class=\"e-con-inner\">\n\t\t<div class=\"elementor-element elementor-element-97a10fe e-con-full e-flex wpr-particle-no wpr-jarallax-no wpr-parallax-no wpr-sticky-section-no e-con e-child\" data-id=\"97a10fe\" data-element_type=\"container\">\n\t\t\t\t<div class=\"elementor-element elementor-element-c0f358f elementor-widget elementor-widget-image\" data-id=\"c0f358f\" data-element_type=\"widget\" data-settings=\"{&quot;_animation&quot;:&quot;none&quot;}\" data-widget_type=\"image.default\">\n\t\t\t\t<div class=\"elementor-widget-container\">\n\t\t\t\t\t\t\t\t\t\t\t\t\t\t\t\t<a href=\"https:\/\/shinyexpatriefrenchie.com\/fr\/creation-ugc\/\">\n\t\t\t\t\t\t\t<img decoding=\"async\" width=\"500\" height=\"500\" src=\"https:\/\/shinyexpatriefrenchie.com\/wp-content\/uploads\/2025\/12\/Besoin-de-creation-de-contenu-.png\" class=\"attachment-large size-large wp-image-3038\" alt=\"Let&#039;s create your content\" srcset=\"https:\/\/shinyexpatriefrenchie.com\/wp-content\/uploads\/2025\/12\/Besoin-de-creation-de-contenu-.png 500w, https:\/\/shinyexpatriefrenchie.com\/wp-content\/uploads\/2025\/12\/Besoin-de-creation-de-contenu--300x300.png 300w, https:\/\/shinyexpatriefrenchie.com\/wp-content\/uploads\/2025\/12\/Besoin-de-creation-de-contenu--150x150.png 150w, https:\/\/shinyexpatriefrenchie.com\/wp-content\/uploads\/2025\/12\/Besoin-de-creation-de-contenu--12x12.png 12w\" sizes=\"(max-width: 500px) 100vw, 500px\" \/>\t\t\t\t\t\t\t\t<\/a>\n\t\t\t\t\t\t\t\t\t\t\t\t\t\t\t<\/div>\n\t\t\t\t<\/div>\n\t\t\t\t<\/div>\n\t\t<div class=\"elementor-element elementor-element-1c5b3fd e-con-full e-flex wpr-particle-no wpr-jarallax-no wpr-parallax-no wpr-sticky-section-no e-con e-child\" data-id=\"1c5b3fd\" data-element_type=\"container\">\n\t\t\t\t<div class=\"elementor-element elementor-element-172bcda elementor-widget elementor-widget-image\" data-id=\"172bcda\" data-element_type=\"widget\" data-widget_type=\"image.default\">\n\t\t\t\t<div class=\"elementor-widget-container\">\n\t\t\t\t\t\t\t\t\t\t\t\t\t\t\t\t<a href=\"https:\/\/shinyexpatriefrenchie.com\/fr\/marketing-strategy\/\">\n\t\t\t\t\t\t\t<img decoding=\"async\" width=\"500\" height=\"500\" src=\"https:\/\/shinyexpatriefrenchie.com\/wp-content\/uploads\/2025\/12\/Des-conseils-en-marketing-.png\" class=\"attachment-large size-large wp-image-3039\" alt=\"Boost your marketing strategy\" srcset=\"https:\/\/shinyexpatriefrenchie.com\/wp-content\/uploads\/2025\/12\/Des-conseils-en-marketing-.png 500w, https:\/\/shinyexpatriefrenchie.com\/wp-content\/uploads\/2025\/12\/Des-conseils-en-marketing--300x300.png 300w, https:\/\/shinyexpatriefrenchie.com\/wp-content\/uploads\/2025\/12\/Des-conseils-en-marketing--150x150.png 150w, https:\/\/shinyexpatriefrenchie.com\/wp-content\/uploads\/2025\/12\/Des-conseils-en-marketing--12x12.png 12w\" sizes=\"(max-width: 500px) 100vw, 500px\" \/>\t\t\t\t\t\t\t\t<\/a>\n\t\t\t\t\t\t\t\t\t\t\t\t\t\t\t<\/div>\n\t\t\t\t<\/div>\n\t\t\t\t<\/div>\n\t\t\t\t\t<\/div>\n\t\t\t\t<\/div>\n\t\t<div class=\"elementor-element elementor-element-945fc58 e-flex e-con-boxed wpr-particle-no wpr-jarallax-no wpr-parallax-no wpr-sticky-section-no e-con e-parent\" data-id=\"945fc58\" data-element_type=\"container\">\n\t\t\t\t\t<div class=\"e-con-inner\">\n\t\t\t\t<div class=\"elementor-element elementor-element-6c7e6c9 elementor-align-center elementor-widget elementor-widget-button\" data-id=\"6c7e6c9\" data-element_type=\"widget\" data-widget_type=\"button.default\">\n\t\t\t\t<div class=\"elementor-widget-container\">\n\t\t\t\t\t\t\t\t\t<div class=\"elementor-button-wrapper\">\n\t\t\t\t\t<a class=\"elementor-button elementor-button-link elementor-size-sm\" href=\"mailto:valentinelouisemarie@gmail.com\">\n\t\t\t\t\t\t<span class=\"elementor-button-content-wrapper\">\n\t\t\t\t\t\t<span class=\"elementor-button-icon\">\n\t\t\t\t<svg aria-hidden=\"true\" class=\"e-font-icon-svg e-far-envelope\" viewbox=\"0 0 512 512\" xmlns=\"http:\/\/www.w3.org\/2000\/svg\"><path d=\"M464 64H48C21.49 64 0 85.49 0 112v288c0 26.51 21.49 48 48 48h416c26.51 0 48-21.49 48-48V112c0-26.51-21.49-48-48-48zm0 48v40.805c-22.422 18.259-58.168 46.651-134.587 106.49-16.841 13.247-50.201 45.072-73.413 44.701-23.208.375-56.579-31.459-73.413-44.701C106.18 199.465 70.425 171.067 48 152.805V112h416zM48 400V214.398c22.914 18.251 55.409 43.862 104.938 82.646 21.857 17.205 60.134 55.186 103.062 54.955 42.717.231 80.509-37.199 103.053-54.947 49.528-38.783 82.032-64.401 104.947-82.653V400H48z\"><\/path><\/svg>\t\t\t<\/span>\n\t\t\t\t\t\t\t\t\t<span class=\"elementor-button-text\">Contactez moi!<\/span>\n\t\t\t\t\t<\/span>\n\t\t\t\t\t<\/a>\n\t\t\t\t<\/div>\n\t\t\t\t\t\t\t\t<\/div>\n\t\t\t\t<\/div>\n\t\t\t\t\t<\/div>\n\t\t\t\t<\/div>\n\t\t\t\t<\/div>","protected":false},"excerpt":{"rendered":"<p>Creative and strategic services for travel and hospitality brands, including content, social media, marketing strategy, and event production. I\u2019m a French content creator and marketing strategist, currently based on a tropical island but available worldwide. With experience in events, communication, and branding, I combine visual storytelling with strategic insight. From creating content that highlights your products to supporting your overall marketing strategy, I provide solutions that bring your brand to life. Contact me<\/p>","protected":false},"author":1,"featured_media":0,"parent":0,"menu_order":0,"comment_status":"closed","ping_status":"closed","template":"","meta":{"_uag_custom_page_level_css":"","wprm-recipe-roundup-name":"","wprm-recipe-roundup-description":"","site-sidebar-layout":"no-sidebar","site-content-layout":"page-builder","ast-site-content-layout":"full-width-container","site-content-style":"default","site-sidebar-style":"default","ast-global-header-display":"","ast-banner-title-visibility":"","ast-main-header-display":"","ast-hfb-above-header-display":"","ast-hfb-below-header-display":"","ast-hfb-mobile-header-display":"","site-post-title":"disabled","ast-breadcrumbs-content":"","ast-featured-img":"disabled","footer-sml-layout":"","theme-transparent-header-meta":"","adv-header-id-meta":"","stick-header-meta":"","header-above-stick-meta":"","header-main-stick-meta":"","header-below-stick-meta":"","astra-migrate-meta-layouts":"default","ast-page-background-enabled":"default","ast-page-background-meta":{"desktop":{"background-color":"","background-image":"","background-repeat":"repeat","background-position":"center center","background-size":"auto","background-attachment":"scroll","background-type":"","background-media":"","overlay-type":"","overlay-color":"","overlay-opacity":"","overlay-gradient":""},"tablet":{"background-color":"","background-image":"","background-repeat":"repeat","background-position":"center center","background-size":"auto","background-attachment":"scroll","background-type":"","background-media":"","overlay-type":"","overlay-color":"","overlay-opacity":"","overlay-gradient":""},"mobile":{"background-color":"","background-image":"","background-repeat":"repeat","background-position":"center center","background-size":"auto","background-attachment":"scroll","background-type":"","background-media":"","overlay-type":"","overlay-color":"","overlay-opacity":"","overlay-gradient":""}},"ast-content-background-meta":{"desktop":{"background-color":"var(--ast-global-color-5)","background-image":"","background-repeat":"repeat","background-position":"center center","background-size":"auto","background-attachment":"scroll","background-type":"","background-media":"","overlay-type":"","overlay-color":"","overlay-opacity":"","overlay-gradient":""},"tablet":{"background-color":"var(--ast-global-color-5)","background-image":"","background-repeat":"repeat","background-position":"center center","background-size":"auto","background-attachment":"scroll","background-type":"","background-media":"","overlay-type":"","overlay-color":"","overlay-opacity":"","overlay-gradient":""},"mobile":{"background-color":"var(--ast-global-color-5)","background-image":"","background-repeat":"repeat","background-position":"center center","background-size":"auto","background-attachment":"scroll","background-type":"","background-media":"","overlay-type":"","overlay-color":"","overlay-opacity":"","overlay-gradient":""}},"footnotes":""},"class_list":["post-2536","page","type-page","status-publish","hentry"],"aioseo_notices":[],"uagb_featured_image_src":{"full":false,"thumbnail":false,"medium":false,"medium_large":false,"large":false,"1536x1536":false,"2048x2048":false,"trp-custom-language-flag":false,"wprm-metadata-1_1":false,"wprm-metadata-4_3":false,"wprm-metadata-16_9":false},"uagb_author_info":{"display_name":"valentinelouisemarie@gmail.com","author_link":"https:\/\/shinyexpatriefrenchie.com\/fr\/author\/valentinelouisemariegmail-com\/"},"uagb_comment_info":0,"uagb_excerpt":"Creative and strategic services for travel and hospitality brands, including content, social media, marketing strategy, and event production. I\u2019m a French content creator and marketing strategist, currently based on a tropical island but available worldwide. With experience in events, communication, and branding, I combine visual storytelling with strategic insight. From creating content that highlights your\u2026","_links":{"self":[{"href":"https:\/\/shinyexpatriefrenchie.com\/fr\/wp-json\/wp\/v2\/pages\/2536","targetHints":{"allow":["GET"]}}],"collection":[{"href":"https:\/\/shinyexpatriefrenchie.com\/fr\/wp-json\/wp\/v2\/pages"}],"about":[{"href":"https:\/\/shinyexpatriefrenchie.com\/fr\/wp-json\/wp\/v2\/types\/page"}],"author":[{"embeddable":true,"href":"https:\/\/shinyexpatriefrenchie.com\/fr\/wp-json\/wp\/v2\/users\/1"}],"replies":[{"embeddable":true,"href":"https:\/\/shinyexpatriefrenchie.com\/fr\/wp-json\/wp\/v2\/comments?post=2536"}],"version-history":[{"count":10,"href":"https:\/\/shinyexpatriefrenchie.com\/fr\/wp-json\/wp\/v2\/pages\/2536\/revisions"}],"predecessor-version":[{"id":3042,"href":"https:\/\/shinyexpatriefrenchie.com\/fr\/wp-json\/wp\/v2\/pages\/2536\/revisions\/3042"}],"wp:attachment":[{"href":"https:\/\/shinyexpatriefrenchie.com\/fr\/wp-json\/wp\/v2\/media?parent=2536"}],"curies":[{"name":"wp","href":"https:\/\/api.w.org\/{rel}","templated":true}]}}