{"id":2629,"date":"2025-06-10T23:35:23","date_gmt":"2025-06-10T23:35:23","guid":{"rendered":"https:\/\/shinyexpatriefrenchie.com\/?page_id=2629"},"modified":"2026-01-17T00:18:32","modified_gmt":"2026-01-17T00:18:32","slug":"honduras","status":"publish","type":"page","link":"https:\/\/shinyexpatriefrenchie.com\/fr\/honduras\/","title":{"rendered":"HONDURAS"},"content":{"rendered":"<div data-elementor-type=\"wp-page\" data-elementor-id=\"2629\" class=\"elementor elementor-2629\">\n\t\t\t\t<div class=\"elementor-element elementor-element-b4727d5 e-flex e-con-boxed wpr-particle-no wpr-jarallax-no wpr-parallax-no wpr-sticky-section-no e-con e-parent\" data-id=\"b4727d5\" data-element_type=\"container\">\n\t\t\t\t\t<div class=\"e-con-inner\">\n\t\t\t\t<div class=\"elementor-element elementor-element-5b5a2b5 elementor-widget elementor-widget-image\" data-id=\"5b5a2b5\" data-element_type=\"widget\" data-widget_type=\"image.default\">\n\t\t\t\t<div class=\"elementor-widget-container\">\n\t\t\t\t\t\t\t\t\t\t\t\t\t\t\t<img fetchpriority=\"high\" decoding=\"async\" width=\"1200\" height=\"300\" src=\"https:\/\/shinyexpatriefrenchie.com\/wp-content\/uploads\/2025\/06\/Banniere-Honduras.png\" class=\"attachment-full size-full wp-image-2631\" alt=\"\" srcset=\"https:\/\/shinyexpatriefrenchie.com\/wp-content\/uploads\/2025\/06\/Banniere-Honduras.png 1200w, https:\/\/shinyexpatriefrenchie.com\/wp-content\/uploads\/2025\/06\/Banniere-Honduras-300x75.png 300w, https:\/\/shinyexpatriefrenchie.com\/wp-content\/uploads\/2025\/06\/Banniere-Honduras-1024x256.png 1024w, https:\/\/shinyexpatriefrenchie.com\/wp-content\/uploads\/2025\/06\/Banniere-Honduras-768x192.png 768w\" sizes=\"(max-width: 1200px) 100vw, 1200px\" \/>\t\t\t\t\t\t\t\t\t\t\t\t\t\t\t<\/div>\n\t\t\t\t<\/div>\n\t\t\t\t\t<\/div>\n\t\t\t\t<\/div>\n\t\t<div class=\"elementor-element elementor-element-4057fa6 e-flex e-con-boxed wpr-particle-no wpr-jarallax-no wpr-parallax-no wpr-sticky-section-no e-con e-parent\" data-id=\"4057fa6\" data-element_type=\"container\">\n\t\t\t\t\t<div class=\"e-con-inner\">\n\t\t\t\t<div class=\"elementor-element elementor-element-085dd55 elementor-widget elementor-widget-heading\" data-id=\"085dd55\" data-element_type=\"widget\" data-widget_type=\"heading.default\">\n\t\t\t\t<div class=\"elementor-widget-container\">\n\t\t\t\t\t<h3 class=\"elementor-heading-title elementor-size-default\">HONDURAS<\/h3>\t\t\t\t<\/div>\n\t\t\t\t<\/div>\n\t\t\t\t\t<\/div>\n\t\t\t\t<\/div>\n\t\t\t\t<section class=\"elementor-section elementor-top-section elementor-element elementor-element-4db7fa120 elementor-section-boxed elementor-section-height-default elementor-section-height-default wpr-particle-no wpr-jarallax-no wpr-parallax-no wpr-sticky-section-no\" data-id=\"4db7fa120\" data-element_type=\"section\">\n\t\t\t\t\t\t<div class=\"elementor-container elementor-column-gap-default\">\n\t\t\t\t\t<div class=\"elementor-column elementor-col-100 elementor-top-column elementor-element elementor-element-15d8addf\" data-id=\"15d8addf\" data-element_type=\"column\">\n\t\t\t<div class=\"elementor-widget-wrap elementor-element-populated\">\n\t\t\t\t\t\t<div class=\"elementor-element elementor-element-4db1b540 wpr-grid-columns-1 wpr-grid-columns--tablet1 wpr-grid-columns--mobile1 wpr-grid-pagination-center wpr-item-styles-inner elementor-widget elementor-widget-wpr-grid\" data-id=\"4db1b540\" data-element_type=\"widget\" data-widget_type=\"wpr-grid.default\">\n\t\t\t\t<div class=\"elementor-widget-container\">\n\t\t\t\t\t<ul class=\"wpr-grid-filters elementor-clearfix wpr-grid-filters-sep-right\"><li class=\"wpr-pointer-none wpr-pointer-line-fx wpr-pointer-fx-none\"><span  data-filter=\"*\" class=\"wpr-grid-filters-item wpr-active-filter\">All<\/span><em class=\"wpr-grid-filters-sep\"><\/em><\/li><li class=\"wpr-pointer-none wpr-pointer-line-fx wpr-pointer-fx-none\"><span   data-ajax-filter=\"[\"category\",\"honduras\"]\" data-filter=\".category-honduras\">Honduras<\/span><em class=\"wpr-grid-filters-sep\"><\/em><\/li><\/ul><section class=\"wpr-grid elementor-clearfix\" data-settings=\"{&quot;layout&quot;:&quot;list&quot;,&quot;stick_last_element_to_bottom&quot;:&quot;no&quot;,&quot;columns_desktop&quot;:1,&quot;gutter_hr&quot;:15,&quot;gutter_hr_mobile&quot;:15,&quot;gutter_hr_mobile_extra&quot;:15,&quot;gutter_hr_tablet&quot;:15,&quot;gutter_hr_tablet_extra&quot;:15,&quot;gutter_hr_laptop&quot;:15,&quot;gutter_hr_widescreen&quot;:15,&quot;gutter_vr&quot;:50,&quot;gutter_vr_mobile&quot;:50,&quot;gutter_vr_mobile_extra&quot;:50,&quot;gutter_vr_tablet&quot;:50,&quot;gutter_vr_tablet_extra&quot;:50,&quot;gutter_vr_laptop&quot;:50,&quot;gutter_vr_widescreen&quot;:50,&quot;animation&quot;:&quot;default&quot;,&quot;animation_duration&quot;:0.3,&quot;animation_delay&quot;:0.1,&quot;deeplinking&quot;:&quot;&quot;,&quot;filters_linkable&quot;:&quot;no&quot;,&quot;filters_default_filter&quot;:&quot;&quot;,&quot;filters_count&quot;:&quot;&quot;,&quot;filters_hide_empty&quot;:&quot;yes&quot;,&quot;filters_animation&quot;:&quot;default&quot;,&quot;filters_animation_duration&quot;:0.3,&quot;filters_animation_delay&quot;:0.1,&quot;pagination_type&quot;:&quot;numbered&quot;,&quot;pagination_max_pages&quot;:1,&quot;media_align&quot;:&quot;left&quot;,&quot;media_width&quot;:25,&quot;media_distance&quot;:20,&quot;lightbox&quot;:{&quot;selector&quot;:&quot;.wpr-grid-image-wrap&quot;,&quot;iframeMaxWidth&quot;:&quot;60%&quot;,&quot;hash&quot;:false,&quot;autoplay&quot;:&quot;true&quot;,&quot;pause&quot;:5000,&quot;progressBar&quot;:&quot;true&quot;,&quot;counter&quot;:&quot;true&quot;,&quot;controls&quot;:&quot;true&quot;,&quot;getCaptionFromTitleOrAlt&quot;:&quot;true&quot;,&quot;thumbnail&quot;:&quot;&quot;,&quot;showThumbByDefault&quot;:&quot;&quot;,&quot;share&quot;:&quot;&quot;,&quot;zoom&quot;:&quot;true&quot;,&quot;fullScreen&quot;:&quot;true&quot;,&quot;download&quot;:&quot;true&quot;}}\" data-advanced-filters=\"no\"><article class=\"wpr-grid-item elementor-clearfix post-3219 post type-post status-publish format-standard has-post-thumbnail hentry category-honduras\"><div class=\"wpr-grid-item-inner\"><div class=\"wpr-grid-media-wrap wpr-effect-size-medium\" data-overlay-link=\"yes\"><div class=\"wpr-grid-image-wrap\" data-src=\"https:\/\/shinyexpatriefrenchie.com\/wp-content\/uploads\/elementor\/thumbs\/Marketing-Strategy-4-rihla877u0nxr6loxj5o4ajoo8aofxfs205vq95vaw.png\" data-img-on-hover=\"\"  data-src-secondary=\"\"><img decoding=\"async\" data-no-lazy=\"1\" src=\"https:\/\/shinyexpatriefrenchie.com\/wp-content\/uploads\/elementor\/thumbs\/Marketing-Strategy-4-rihla877u0nxr6loxj5o4ajoo8aofxfs205vq95vaw.png\" alt=\"where-to-eat-in-roatan-bean-crazy\" class=\"wpr-anim-timing-ease-default\"><\/div><div class=\"wpr-grid-media-hover wpr-animation-wrap\"><div class=\"wpr-grid-media-hover-bg  wpr-overlay-fade-in wpr-anim-size-large wpr-anim-timing-ease-default wpr-anim-transparency\" data-url=\"https:\/\/shinyexpatriefrenchie.com\/fr\/where-to-eat-in-west-end-roatan\/\"><\/div><\/div><\/div><div class=\"wpr-grid-item-below-content elementor-clearfix\"><div class=\"wpr-grid-item-category elementor-repeater-item-7a9afee wpr-grid-item-display-block wpr-grid-item-align-left wpr-pointer-none wpr-pointer-line-fx wpr-pointer-fx-fade wpr-grid-tax-style-1\"><div class=\"inner-block\"><a class=\"wpr-tax-id-23\" href=\"https:\/\/shinyexpatriefrenchie.com\/fr\/category\/honduras\/\">Honduras<\/a><\/div><\/div><h2 class=\"wpr-grid-item-title elementor-repeater-item-2d29edf wpr-grid-item-display-block wpr-grid-item-align-left wpr-pointer-none wpr-pointer-line-fx wpr-pointer-fx-fade\"><div class=\"inner-block\"><a target=\"_self\"  href=\"https:\/\/shinyexpatriefrenchie.com\/fr\/where-to-eat-in-west-end-roatan\/\">Where to Eat in West End, Roat\u00e1n<\/a><\/div><\/h2><div class=\"wpr-grid-item-date elementor-repeater-item-589fcd9 wpr-grid-item-display-block wpr-grid-item-align-left\"><div class=\"inner-block\"><span>f\u00e9vrier 1, 2026<\/span><\/div><\/div><div class=\"wpr-grid-item-excerpt elementor-repeater-item-0025724 wpr-grid-item-display-block wpr-grid-item-align-left\"><div class=\"inner-block\"><p>A simple food map to help you eat better (and avoid bad choices) West End is one of the most popular areas in Roat\u00e1n, Honduras, and for good reason: it\u2019s walkable, lively, and packed with restaurants. But with so many options in such a small area, choosing where to eat can quickly become confusing : especially when prices, quality and reviews don\u2019t always align. This article is not...<\/p><\/div><\/div><div class=\"wpr-grid-item-read-more elementor-repeater-item-716d6c5 wpr-grid-item-display-block wpr-grid-item-align-left\"><div class=\"inner-block\"><a target=\"_self\" href=\"https:\/\/shinyexpatriefrenchie.com\/fr\/where-to-eat-in-west-end-roatan\/\" class=\"wpr-button-effect wpr-button-none\"><span>Read More<\/span><\/a><\/div><\/div><\/div><\/div><\/article><article class=\"wpr-grid-item elementor-clearfix post-3174 post type-post status-publish format-standard has-post-thumbnail hentry category-honduras\"><div class=\"wpr-grid-item-inner\"><div class=\"wpr-grid-media-wrap wpr-effect-size-medium\" data-overlay-link=\"yes\"><div class=\"wpr-grid-image-wrap\" data-src=\"https:\/\/shinyexpatriefrenchie.com\/wp-content\/uploads\/elementor\/thumbs\/Best-South-Roatan-Snorkeling-Spots-Accessible-from-the-Beach-rhreznfxk37qil1cyb82kjbyy0cx5r5s4u7n22i75k.png\" data-img-on-hover=\"\"  data-src-secondary=\"\"><img decoding=\"async\" data-no-lazy=\"1\" src=\"https:\/\/shinyexpatriefrenchie.com\/wp-content\/uploads\/elementor\/thumbs\/Best-South-Roatan-Snorkeling-Spots-Accessible-from-the-Beach-rhreznfxk37qil1cyb82kjbyy0cx5r5s4u7n22i75k.png\" alt=\"Best South Roatan Snorkeling Spots Accessible from the Beach - Turtle\" class=\"wpr-anim-timing-ease-default\"><\/div><div class=\"wpr-grid-media-hover wpr-animation-wrap\"><div class=\"wpr-grid-media-hover-bg  wpr-overlay-fade-in wpr-anim-size-large wpr-anim-timing-ease-default wpr-anim-transparency\" data-url=\"https:\/\/shinyexpatriefrenchie.com\/fr\/best-south-roatan-snorkeling-spots-accessible-from-the-beach\/\"><\/div><\/div><\/div><div class=\"wpr-grid-item-below-content elementor-clearfix\"><div class=\"wpr-grid-item-category elementor-repeater-item-7a9afee wpr-grid-item-display-block wpr-grid-item-align-left wpr-pointer-none wpr-pointer-line-fx wpr-pointer-fx-fade wpr-grid-tax-style-1\"><div class=\"inner-block\"><a class=\"wpr-tax-id-23\" href=\"https:\/\/shinyexpatriefrenchie.com\/fr\/category\/honduras\/\">Honduras<\/a><\/div><\/div><h2 class=\"wpr-grid-item-title elementor-repeater-item-2d29edf wpr-grid-item-display-block wpr-grid-item-align-left wpr-pointer-none wpr-pointer-line-fx wpr-pointer-fx-fade\"><div class=\"inner-block\"><a target=\"_self\"  href=\"https:\/\/shinyexpatriefrenchie.com\/fr\/best-south-roatan-snorkeling-spots-accessible-from-the-beach\/\">Les meilleurs spots de snorkeling dans le sud de Roat\u00e1n accessibles depuis la plage<\/a><\/div><\/h2><div class=\"wpr-grid-item-date elementor-repeater-item-589fcd9 wpr-grid-item-display-block wpr-grid-item-align-left\"><div class=\"inner-block\"><span>janvier 17, 2026<\/span><\/div><\/div><div class=\"wpr-grid-item-excerpt elementor-repeater-item-0025724 wpr-grid-item-display-block wpr-grid-item-align-left\"><div class=\"inner-block\"><p>One of the things I love most about Roatan is how easy snorkeling can be. On the southern tip of the island, you don\u2019t need a boat, a guide, or an organized tour to see beautiful reefs : you just walk into the water and start exploring. This part of the island concentrates some of the most accessible and beginner-friendly snorkeling spots, with calm water, shallow reefs, and...<\/p><\/div><\/div><div class=\"wpr-grid-item-read-more elementor-repeater-item-716d6c5 wpr-grid-item-display-block wpr-grid-item-align-left\"><div class=\"inner-block\"><a target=\"_self\" href=\"https:\/\/shinyexpatriefrenchie.com\/fr\/best-south-roatan-snorkeling-spots-accessible-from-the-beach\/\" class=\"wpr-button-effect wpr-button-none\"><span>Read More<\/span><\/a><\/div><\/div><\/div><\/div><\/article><article class=\"wpr-grid-item elementor-clearfix post-3143 post type-post status-publish format-standard has-post-thumbnail hentry category-honduras\"><div class=\"wpr-grid-item-inner\"><div class=\"wpr-grid-media-wrap wpr-effect-size-medium\" data-overlay-link=\"yes\"><div class=\"wpr-grid-image-wrap\" data-src=\"https:\/\/shinyexpatriefrenchie.com\/wp-content\/uploads\/elementor\/thumbs\/How-to-avoid-cruise-crods-in-roatan-rhdggqkt2u4a6r3j6ey19prroo5z1nhnj4tjyq2yt4.png\" data-img-on-hover=\"\"  data-src-secondary=\"\"><img decoding=\"async\" data-no-lazy=\"1\" src=\"https:\/\/shinyexpatriefrenchie.com\/wp-content\/uploads\/elementor\/thumbs\/How-to-avoid-cruise-crods-in-roatan-rhdggqkt2u4a6r3j6ey19prroo5z1nhnj4tjyq2yt4.png\" alt=\"How-to-avoid-cruise-crowds-in-roatan\" class=\"wpr-anim-timing-ease-default\"><\/div><div class=\"wpr-grid-media-hover wpr-animation-wrap\"><div class=\"wpr-grid-media-hover-bg  wpr-overlay-fade-in wpr-anim-size-large wpr-anim-timing-ease-default wpr-anim-transparency\" data-url=\"https:\/\/shinyexpatriefrenchie.com\/fr\/how-to-avoid-cruise-ship-crowds-in-roatan-even-on-6-ship-days\/\"><\/div><\/div><\/div><div class=\"wpr-grid-item-below-content elementor-clearfix\"><div class=\"wpr-grid-item-category elementor-repeater-item-7a9afee wpr-grid-item-display-block wpr-grid-item-align-left wpr-pointer-none wpr-pointer-line-fx wpr-pointer-fx-fade wpr-grid-tax-style-1\"><div class=\"inner-block\"><a class=\"wpr-tax-id-23\" href=\"https:\/\/shinyexpatriefrenchie.com\/fr\/category\/honduras\/\">Honduras<\/a><\/div><\/div><h2 class=\"wpr-grid-item-title elementor-repeater-item-2d29edf wpr-grid-item-display-block wpr-grid-item-align-left wpr-pointer-none wpr-pointer-line-fx wpr-pointer-fx-fade\"><div class=\"inner-block\"><a target=\"_self\"  href=\"https:\/\/shinyexpatriefrenchie.com\/fr\/how-to-avoid-cruise-ship-crowds-in-roatan-even-on-6-ship-days\/\">Comment \u00e9viter la foule des navires de croisi\u00e8re \u00e0 Roat\u00e1n (m\u00eame lors des journ\u00e9es avec 6 bateaux)<\/a><\/div><\/h2><div class=\"wpr-grid-item-date elementor-repeater-item-589fcd9 wpr-grid-item-display-block wpr-grid-item-align-left\"><div class=\"inner-block\"><span>janvier 9, 2026<\/span><\/div><\/div><div class=\"wpr-grid-item-excerpt elementor-repeater-item-0025724 wpr-grid-item-display-block wpr-grid-item-align-left\"><div class=\"inner-block\"><p>Roat\u00e1n is often described as a tropical paradise\u2026 and it truly is.But on some days, up to six cruise ships can dock at the island, bringing 10 000 to 18 000 passengers in just a few hours. The result? Crowded beaches, traffic jams, and packed excursions : if you don\u2019t know how to plan your day. The good news? Even on the busiest cruise days, you can enjoy...<\/p><\/div><\/div><div class=\"wpr-grid-item-read-more elementor-repeater-item-716d6c5 wpr-grid-item-display-block wpr-grid-item-align-left\"><div class=\"inner-block\"><a target=\"_self\" href=\"https:\/\/shinyexpatriefrenchie.com\/fr\/how-to-avoid-cruise-ship-crowds-in-roatan-even-on-6-ship-days\/\" class=\"wpr-button-effect wpr-button-none\"><span>Read More<\/span><\/a><\/div><\/div><\/div><\/div><\/article><article class=\"wpr-grid-item elementor-clearfix post-2365 post type-post status-publish format-standard has-post-thumbnail hentry category-honduras\"><div class=\"wpr-grid-item-inner\"><div class=\"wpr-grid-media-wrap wpr-effect-size-medium\" data-overlay-link=\"yes\"><div class=\"wpr-grid-image-wrap\" data-src=\"https:\/\/shinyexpatriefrenchie.com\/wp-content\/uploads\/elementor\/thumbs\/7-r6ldrdvg9nuhfva8sip21821qlsjvzavmrg40g64zc.png\" data-img-on-hover=\"\"  data-src-secondary=\"\"><img decoding=\"async\" data-no-lazy=\"1\" src=\"https:\/\/shinyexpatriefrenchie.com\/wp-content\/uploads\/elementor\/thumbs\/7-r6ldrdvg9nuhfva8sip21821qlsjvzavmrg40g64zc.png\" alt=\"Most Beautiful Beaches in Roat\u00e1n\" class=\"wpr-anim-timing-ease-default\"><\/div><div class=\"wpr-grid-media-hover wpr-animation-wrap\"><div class=\"wpr-grid-media-hover-bg  wpr-overlay-fade-in wpr-anim-size-large wpr-anim-timing-ease-default wpr-anim-transparency\" data-url=\"https:\/\/shinyexpatriefrenchie.com\/fr\/most-beautiful-beaches-in-roatan\/\"><\/div><\/div><\/div><div class=\"wpr-grid-item-below-content elementor-clearfix\"><div class=\"wpr-grid-item-category elementor-repeater-item-7a9afee wpr-grid-item-display-block wpr-grid-item-align-left wpr-pointer-none wpr-pointer-line-fx wpr-pointer-fx-fade wpr-grid-tax-style-1\"><div class=\"inner-block\"><a class=\"wpr-tax-id-23\" href=\"https:\/\/shinyexpatriefrenchie.com\/fr\/category\/honduras\/\">Honduras<\/a><\/div><\/div><h2 class=\"wpr-grid-item-title elementor-repeater-item-2d29edf wpr-grid-item-display-block wpr-grid-item-align-left wpr-pointer-none wpr-pointer-line-fx wpr-pointer-fx-fade\"><div class=\"inner-block\"><a target=\"_self\"  href=\"https:\/\/shinyexpatriefrenchie.com\/fr\/most-beautiful-beaches-in-roatan\/\">Plus belles plages de Roat\u00e1n<\/a><\/div><\/h2><div class=\"wpr-grid-item-date elementor-repeater-item-589fcd9 wpr-grid-item-display-block wpr-grid-item-align-left\"><div class=\"inner-block\"><span>juin 3, 2025<\/span><\/div><\/div><div class=\"wpr-grid-item-excerpt elementor-repeater-item-0025724 wpr-grid-item-display-block wpr-grid-item-align-left\"><div class=\"inner-block\"><p>Nestled in the turquoise waters of the Caribbean Sea, just off the coast of Honduras, Roat\u00e1n is one of those islands that instantly captures you. With its white sandy beaches, laid-back vibe, and incredible snorkeling spots, it\u2019s a dream destination for anyone who loves sun and sea. If you\u2019re looking for Maldives-like beaches without a long-haul flight, Roat\u00e1n is a perfect alternative. Beyond its beaches, the island is...<\/p><\/div><\/div><div class=\"wpr-grid-item-read-more elementor-repeater-item-716d6c5 wpr-grid-item-display-block wpr-grid-item-align-left\"><div class=\"inner-block\"><a target=\"_self\" href=\"https:\/\/shinyexpatriefrenchie.com\/fr\/most-beautiful-beaches-in-roatan\/\" class=\"wpr-button-effect wpr-button-none\"><span>Read More<\/span><\/a><\/div><\/div><\/div><\/div><\/article><\/section>\t\t\t\t<\/div>\n\t\t\t\t<\/div>\n\t\t\t\t\t<\/div>\n\t\t<\/div>\n\t\t\t\t\t<\/div>\n\t\t<\/section>\n\t\t\t\t<\/div>","protected":false},"excerpt":{"rendered":"<p>HONDURAS All Honduras Honduras How to Avoid Cruise Ship Crowds in Roat\u00e1n (Even on 6 Ship Days) January 9, 2026 Roat\u00e1n is often described as a tropical paradise\u2026 and it truly is.But on some days, up to six cruise ships can dock at the island, bringing 10 000 to 18 000 passengers in just a few hours. The result? Crowded beaches, traffic jams, and packed excursions : if you don\u2019t know how to plan your day. The good news? Even on the busiest cruise days, you can enjoy&#8230; Read More Honduras Most Beautiful Beaches in Roat\u00e1n June 3, 2025 Nestled in the turquoise waters of the Caribbean Sea, just off the coast of Honduras, I\u2019m currently based on Roat\u00e1n, and I\u2019m loving every moment on this incredible island. With its white sandy beaches, laid-back vibes, and amazing snorkeling spots, it\u2019s a dream for anyone who loves sun and sea. If you\u2019ve ever wanted Maldives-like beaches without a long-haul flight, Roat\u00e1n is the perfect alternative. In this article,&#8230; Read More<\/p>","protected":false},"author":1,"featured_media":0,"parent":0,"menu_order":0,"comment_status":"closed","ping_status":"closed","template":"","meta":{"_uag_custom_page_level_css":"","wprm-recipe-roundup-name":"","wprm-recipe-roundup-description":"","site-sidebar-layout":"no-sidebar","site-content-layout":"page-builder","ast-site-content-layout":"full-width-container","site-content-style":"default","site-sidebar-style":"default","ast-global-header-display":"","ast-banner-title-visibility":"","ast-main-header-display":"","ast-hfb-above-header-display":"","ast-hfb-below-header-display":"","ast-hfb-mobile-header-display":"","site-post-title":"disabled","ast-breadcrumbs-content":"","ast-featured-img":"disabled","footer-sml-layout":"","theme-transparent-header-meta":"","adv-header-id-meta":"","stick-header-meta":"","header-above-stick-meta":"","header-main-stick-meta":"","header-below-stick-meta":"","astra-migrate-meta-layouts":"set","ast-page-background-enabled":"default","ast-page-background-meta":{"desktop":{"background-color":"","background-image":"","background-repeat":"repeat","background-position":"center center","background-size":"auto","background-attachment":"scroll","background-type":"","background-media":"","overlay-type":"","overlay-color":"","overlay-opacity":"","overlay-gradient":""},"tablet":{"background-color":"","background-image":"","background-repeat":"repeat","background-position":"center center","background-size":"auto","background-attachment":"scroll","background-type":"","background-media":"","overlay-type":"","overlay-color":"","overlay-opacity":"","overlay-gradient":""},"mobile":{"background-color":"","background-image":"","background-repeat":"repeat","background-position":"center center","background-size":"auto","background-attachment":"scroll","background-type":"","background-media":"","overlay-type":"","overlay-color":"","overlay-opacity":"","overlay-gradient":""}},"ast-content-background-meta":{"desktop":{"background-color":"var(--ast-global-color-5)","background-image":"","background-repeat":"repeat","background-position":"center center","background-size":"auto","background-attachment":"scroll","background-type":"","background-media":"","overlay-type":"","overlay-color":"","overlay-opacity":"","overlay-gradient":""},"tablet":{"background-color":"var(--ast-global-color-5)","background-image":"","background-repeat":"repeat","background-position":"center center","background-size":"auto","background-attachment":"scroll","background-type":"","background-media":"","overlay-type":"","overlay-color":"","overlay-opacity":"","overlay-gradient":""},"mobile":{"background-color":"var(--ast-global-color-5)","background-image":"","background-repeat":"repeat","background-position":"center center","background-size":"auto","background-attachment":"scroll","background-type":"","background-media":"","overlay-type":"","overlay-color":"","overlay-opacity":"","overlay-gradient":""}},"footnotes":""},"class_list":["post-2629","page","type-page","status-publish","hentry"],"aioseo_notices":[],"uagb_featured_image_src":{"full":false,"thumbnail":false,"medium":false,"medium_large":false,"large":false,"1536x1536":false,"2048x2048":false,"trp-custom-language-flag":false,"wprm-metadata-1_1":false,"wprm-metadata-4_3":false,"wprm-metadata-16_9":false},"uagb_author_info":{"display_name":"valentinelouisemarie@gmail.com","author_link":"https:\/\/shinyexpatriefrenchie.com\/fr\/author\/valentinelouisemariegmail-com\/"},"uagb_comment_info":0,"uagb_excerpt":"HONDURAS All Honduras Honduras How to Avoid Cruise Ship Crowds in Roat\u00e1n (Even on 6 Ship Days) January 9, 2026 Roat\u00e1n is often described as a tropical paradise\u2026 and it truly is.But on some days, up to six cruise ships can dock at the island, bringing 10 000 to 18 000 passengers in just a\u2026","_links":{"self":[{"href":"https:\/\/shinyexpatriefrenchie.com\/fr\/wp-json\/wp\/v2\/pages\/2629","targetHints":{"allow":["GET"]}}],"collection":[{"href":"https:\/\/shinyexpatriefrenchie.com\/fr\/wp-json\/wp\/v2\/pages"}],"about":[{"href":"https:\/\/shinyexpatriefrenchie.com\/fr\/wp-json\/wp\/v2\/types\/page"}],"author":[{"embeddable":true,"href":"https:\/\/shinyexpatriefrenchie.com\/fr\/wp-json\/wp\/v2\/users\/1"}],"replies":[{"embeddable":true,"href":"https:\/\/shinyexpatriefrenchie.com\/fr\/wp-json\/wp\/v2\/comments?post=2629"}],"version-history":[{"count":13,"href":"https:\/\/shinyexpatriefrenchie.com\/fr\/wp-json\/wp\/v2\/pages\/2629\/revisions"}],"predecessor-version":[{"id":3191,"href":"https:\/\/shinyexpatriefrenchie.com\/fr\/wp-json\/wp\/v2\/pages\/2629\/revisions\/3191"}],"wp:attachment":[{"href":"https:\/\/shinyexpatriefrenchie.com\/fr\/wp-json\/wp\/v2\/media?parent=2629"}],"curies":[{"name":"wp","href":"https:\/\/api.w.org\/{rel}","templated":true}]}}