{"id":2726,"date":"2025-06-11T19:42:58","date_gmt":"2025-06-11T19:42:58","guid":{"rendered":"https:\/\/shinyexpatriefrenchie.com\/?page_id=2726"},"modified":"2025-06-11T19:46:32","modified_gmt":"2025-06-11T19:46:32","slug":"morocco","status":"publish","type":"page","link":"https:\/\/shinyexpatriefrenchie.com\/fr\/morocco\/","title":{"rendered":"MOROCCO"},"content":{"rendered":"<div data-elementor-type=\"wp-page\" data-elementor-id=\"2726\" class=\"elementor elementor-2726\">\n\t\t\t\t<div class=\"elementor-element elementor-element-699a293 e-flex e-con-boxed wpr-particle-no wpr-jarallax-no wpr-parallax-no wpr-sticky-section-no e-con e-parent\" data-id=\"699a293\" data-element_type=\"container\">\n\t\t\t\t\t<div class=\"e-con-inner\">\n\t\t\t\t<div class=\"elementor-element elementor-element-2a77298 elementor-widget elementor-widget-image\" data-id=\"2a77298\" data-element_type=\"widget\" data-widget_type=\"image.default\">\n\t\t\t\t<div class=\"elementor-widget-container\">\n\t\t\t\t\t\t\t\t\t\t\t\t\t\t\t<img fetchpriority=\"high\" decoding=\"async\" width=\"1200\" height=\"300\" src=\"https:\/\/shinyexpatriefrenchie.com\/wp-content\/uploads\/2025\/06\/Banniere-Maroc.png\" class=\"attachment-full size-full wp-image-2728\" alt=\"\" srcset=\"https:\/\/shinyexpatriefrenchie.com\/wp-content\/uploads\/2025\/06\/Banniere-Maroc.png 1200w, https:\/\/shinyexpatriefrenchie.com\/wp-content\/uploads\/2025\/06\/Banniere-Maroc-300x75.png 300w, https:\/\/shinyexpatriefrenchie.com\/wp-content\/uploads\/2025\/06\/Banniere-Maroc-1024x256.png 1024w, https:\/\/shinyexpatriefrenchie.com\/wp-content\/uploads\/2025\/06\/Banniere-Maroc-768x192.png 768w\" sizes=\"(max-width: 1200px) 100vw, 1200px\" \/>\t\t\t\t\t\t\t\t\t\t\t\t\t\t\t<\/div>\n\t\t\t\t<\/div>\n\t\t\t\t\t<\/div>\n\t\t\t\t<\/div>\n\t\t<div class=\"elementor-element elementor-element-a31ca32 e-flex e-con-boxed wpr-particle-no wpr-jarallax-no wpr-parallax-no wpr-sticky-section-no e-con e-parent\" data-id=\"a31ca32\" data-element_type=\"container\">\n\t\t\t\t\t<div class=\"e-con-inner\">\n\t\t\t\t<div class=\"elementor-element elementor-element-b59c275 elementor-widget elementor-widget-heading\" data-id=\"b59c275\" data-element_type=\"widget\" data-widget_type=\"heading.default\">\n\t\t\t\t<div class=\"elementor-widget-container\">\n\t\t\t\t\t<h3 class=\"elementor-heading-title elementor-size-default\">MOROCCO<\/h3>\t\t\t\t<\/div>\n\t\t\t\t<\/div>\n\t\t\t\t\t<\/div>\n\t\t\t\t<\/div>\n\t\t\t\t<section class=\"elementor-section elementor-top-section elementor-element elementor-element-952912b0 elementor-section-boxed elementor-section-height-default elementor-section-height-default wpr-particle-no wpr-jarallax-no wpr-parallax-no wpr-sticky-section-no\" data-id=\"952912b0\" data-element_type=\"section\">\n\t\t\t\t\t\t<div class=\"elementor-container elementor-column-gap-default\">\n\t\t\t\t\t<div class=\"elementor-column elementor-col-100 elementor-top-column elementor-element elementor-element-ac19f5e\" data-id=\"ac19f5e\" data-element_type=\"column\">\n\t\t\t<div class=\"elementor-widget-wrap elementor-element-populated\">\n\t\t\t\t\t\t<div class=\"elementor-element elementor-element-14e792bc wpr-grid-columns-1 wpr-grid-columns--tablet1 wpr-grid-columns--mobile1 wpr-grid-pagination-center wpr-item-styles-inner elementor-widget elementor-widget-wpr-grid\" data-id=\"14e792bc\" data-element_type=\"widget\" data-widget_type=\"wpr-grid.default\">\n\t\t\t\t<div class=\"elementor-widget-container\">\n\t\t\t\t\t<ul class=\"wpr-grid-filters elementor-clearfix wpr-grid-filters-sep-right\"><li class=\"wpr-pointer-none wpr-pointer-line-fx wpr-pointer-fx-none\"><span  data-filter=\"*\" class=\"wpr-grid-filters-item wpr-active-filter\">All<\/span><em class=\"wpr-grid-filters-sep\"><\/em><\/li><li class=\"wpr-pointer-none wpr-pointer-line-fx wpr-pointer-fx-none\"><span   data-ajax-filter=\"[\"category\",\"honduras\"]\" data-filter=\".category-honduras\">Honduras<\/span><em class=\"wpr-grid-filters-sep\"><\/em><\/li><\/ul><section class=\"wpr-grid elementor-clearfix\" data-settings=\"{&quot;layout&quot;:&quot;list&quot;,&quot;stick_last_element_to_bottom&quot;:&quot;no&quot;,&quot;columns_desktop&quot;:1,&quot;gutter_hr&quot;:15,&quot;gutter_hr_mobile&quot;:15,&quot;gutter_hr_mobile_extra&quot;:15,&quot;gutter_hr_tablet&quot;:15,&quot;gutter_hr_tablet_extra&quot;:15,&quot;gutter_hr_laptop&quot;:15,&quot;gutter_hr_widescreen&quot;:15,&quot;gutter_vr&quot;:50,&quot;gutter_vr_mobile&quot;:50,&quot;gutter_vr_mobile_extra&quot;:50,&quot;gutter_vr_tablet&quot;:50,&quot;gutter_vr_tablet_extra&quot;:50,&quot;gutter_vr_laptop&quot;:50,&quot;gutter_vr_widescreen&quot;:50,&quot;animation&quot;:&quot;default&quot;,&quot;animation_duration&quot;:0.3,&quot;animation_delay&quot;:0.1,&quot;deeplinking&quot;:&quot;&quot;,&quot;filters_linkable&quot;:&quot;no&quot;,&quot;filters_default_filter&quot;:&quot;&quot;,&quot;filters_count&quot;:&quot;&quot;,&quot;filters_hide_empty&quot;:&quot;yes&quot;,&quot;filters_animation&quot;:&quot;default&quot;,&quot;filters_animation_duration&quot;:0.3,&quot;filters_animation_delay&quot;:0.1,&quot;pagination_type&quot;:&quot;numbered&quot;,&quot;pagination_max_pages&quot;:2,&quot;media_align&quot;:&quot;left&quot;,&quot;media_width&quot;:25,&quot;media_distance&quot;:20,&quot;lightbox&quot;:{&quot;selector&quot;:&quot;.wpr-grid-image-wrap&quot;,&quot;iframeMaxWidth&quot;:&quot;60%&quot;,&quot;hash&quot;:false,&quot;autoplay&quot;:&quot;true&quot;,&quot;pause&quot;:5000,&quot;progressBar&quot;:&quot;true&quot;,&quot;counter&quot;:&quot;true&quot;,&quot;controls&quot;:&quot;true&quot;,&quot;getCaptionFromTitleOrAlt&quot;:&quot;true&quot;,&quot;thumbnail&quot;:&quot;&quot;,&quot;showThumbByDefault&quot;:&quot;&quot;,&quot;share&quot;:&quot;&quot;,&quot;zoom&quot;:&quot;true&quot;,&quot;fullScreen&quot;:&quot;true&quot;,&quot;download&quot;:&quot;true&quot;}}\" data-advanced-filters=\"no\"><article class=\"wpr-grid-item elementor-clearfix post-3219 post type-post status-publish format-standard has-post-thumbnail hentry category-honduras\"><div class=\"wpr-grid-item-inner\"><div class=\"wpr-grid-media-wrap wpr-effect-size-medium\" data-overlay-link=\"yes\"><div class=\"wpr-grid-image-wrap\" data-src=\"https:\/\/shinyexpatriefrenchie.com\/wp-content\/uploads\/elementor\/thumbs\/Marketing-Strategy-4-rihla877u0nxr6loxj5o4ajoo8aofxfs205vq95vaw.png\" data-img-on-hover=\"\"  data-src-secondary=\"\"><img decoding=\"async\" data-no-lazy=\"1\" src=\"https:\/\/shinyexpatriefrenchie.com\/wp-content\/uploads\/elementor\/thumbs\/Marketing-Strategy-4-rihla877u0nxr6loxj5o4ajoo8aofxfs205vq95vaw.png\" alt=\"where-to-eat-in-roatan-bean-crazy\" class=\"wpr-anim-timing-ease-default\"><\/div><div class=\"wpr-grid-media-hover wpr-animation-wrap\"><div class=\"wpr-grid-media-hover-bg  wpr-overlay-fade-in wpr-anim-size-large wpr-anim-timing-ease-default wpr-anim-transparency\" data-url=\"https:\/\/shinyexpatriefrenchie.com\/fr\/where-to-eat-in-west-end-roatan\/\"><\/div><\/div><\/div><div class=\"wpr-grid-item-below-content elementor-clearfix\"><div class=\"wpr-grid-item-category elementor-repeater-item-7a9afee wpr-grid-item-display-block wpr-grid-item-align-left wpr-pointer-none wpr-pointer-line-fx wpr-pointer-fx-fade wpr-grid-tax-style-1\"><div class=\"inner-block\"><a class=\"wpr-tax-id-23\" href=\"https:\/\/shinyexpatriefrenchie.com\/fr\/category\/honduras\/\">Honduras<\/a><\/div><\/div><h2 class=\"wpr-grid-item-title elementor-repeater-item-2d29edf wpr-grid-item-display-block wpr-grid-item-align-left wpr-pointer-none wpr-pointer-line-fx wpr-pointer-fx-fade\"><div class=\"inner-block\"><a target=\"_self\"  href=\"https:\/\/shinyexpatriefrenchie.com\/fr\/where-to-eat-in-west-end-roatan\/\">Where to Eat in West End, Roat\u00e1n<\/a><\/div><\/h2><div class=\"wpr-grid-item-date elementor-repeater-item-589fcd9 wpr-grid-item-display-block wpr-grid-item-align-left\"><div class=\"inner-block\"><span>f\u00e9vrier 1, 2026<\/span><\/div><\/div><div class=\"wpr-grid-item-excerpt elementor-repeater-item-0025724 wpr-grid-item-display-block wpr-grid-item-align-left\"><div class=\"inner-block\"><p>A simple food map to help you eat better (and avoid bad choices) West End is one of the most popular areas in Roat\u00e1n, Honduras, and for good reason: it\u2019s walkable, lively, and packed with restaurants. But with so many options in such a small area, choosing where to eat can quickly become confusing : especially when prices, quality and reviews don\u2019t always align. This article is not...<\/p><\/div><\/div><div class=\"wpr-grid-item-read-more elementor-repeater-item-716d6c5 wpr-grid-item-display-block wpr-grid-item-align-left\"><div class=\"inner-block\"><a target=\"_self\" href=\"https:\/\/shinyexpatriefrenchie.com\/fr\/where-to-eat-in-west-end-roatan\/\" class=\"wpr-button-effect wpr-button-none\"><span>Read More<\/span><\/a><\/div><\/div><\/div><\/div><\/article><article class=\"wpr-grid-item elementor-clearfix post-3174 post type-post status-publish format-standard has-post-thumbnail hentry category-honduras\"><div class=\"wpr-grid-item-inner\"><div class=\"wpr-grid-media-wrap wpr-effect-size-medium\" data-overlay-link=\"yes\"><div class=\"wpr-grid-image-wrap\" data-src=\"https:\/\/shinyexpatriefrenchie.com\/wp-content\/uploads\/elementor\/thumbs\/Best-South-Roatan-Snorkeling-Spots-Accessible-from-the-Beach-rhreznfxk37qil1cyb82kjbyy0cx5r5s4u7n22i75k.png\" data-img-on-hover=\"\"  data-src-secondary=\"\"><img decoding=\"async\" data-no-lazy=\"1\" src=\"https:\/\/shinyexpatriefrenchie.com\/wp-content\/uploads\/elementor\/thumbs\/Best-South-Roatan-Snorkeling-Spots-Accessible-from-the-Beach-rhreznfxk37qil1cyb82kjbyy0cx5r5s4u7n22i75k.png\" alt=\"Best South Roatan Snorkeling Spots Accessible from the Beach - Turtle\" class=\"wpr-anim-timing-ease-default\"><\/div><div class=\"wpr-grid-media-hover wpr-animation-wrap\"><div class=\"wpr-grid-media-hover-bg  wpr-overlay-fade-in wpr-anim-size-large wpr-anim-timing-ease-default wpr-anim-transparency\" data-url=\"https:\/\/shinyexpatriefrenchie.com\/fr\/best-south-roatan-snorkeling-spots-accessible-from-the-beach\/\"><\/div><\/div><\/div><div class=\"wpr-grid-item-below-content elementor-clearfix\"><div class=\"wpr-grid-item-category elementor-repeater-item-7a9afee wpr-grid-item-display-block wpr-grid-item-align-left wpr-pointer-none wpr-pointer-line-fx wpr-pointer-fx-fade wpr-grid-tax-style-1\"><div class=\"inner-block\"><a class=\"wpr-tax-id-23\" href=\"https:\/\/shinyexpatriefrenchie.com\/fr\/category\/honduras\/\">Honduras<\/a><\/div><\/div><h2 class=\"wpr-grid-item-title elementor-repeater-item-2d29edf wpr-grid-item-display-block wpr-grid-item-align-left wpr-pointer-none wpr-pointer-line-fx wpr-pointer-fx-fade\"><div class=\"inner-block\"><a target=\"_self\"  href=\"https:\/\/shinyexpatriefrenchie.com\/fr\/best-south-roatan-snorkeling-spots-accessible-from-the-beach\/\">Les meilleurs spots de snorkeling dans le sud de Roat\u00e1n accessibles depuis la plage<\/a><\/div><\/h2><div class=\"wpr-grid-item-date elementor-repeater-item-589fcd9 wpr-grid-item-display-block wpr-grid-item-align-left\"><div class=\"inner-block\"><span>janvier 17, 2026<\/span><\/div><\/div><div class=\"wpr-grid-item-excerpt elementor-repeater-item-0025724 wpr-grid-item-display-block wpr-grid-item-align-left\"><div class=\"inner-block\"><p>One of the things I love most about Roatan is how easy snorkeling can be. On the southern tip of the island, you don\u2019t need a boat, a guide, or an organized tour to see beautiful reefs : you just walk into the water and start exploring. This part of the island concentrates some of the most accessible and beginner-friendly snorkeling spots, with calm water, shallow reefs, and...<\/p><\/div><\/div><div class=\"wpr-grid-item-read-more elementor-repeater-item-716d6c5 wpr-grid-item-display-block wpr-grid-item-align-left\"><div class=\"inner-block\"><a target=\"_self\" href=\"https:\/\/shinyexpatriefrenchie.com\/fr\/best-south-roatan-snorkeling-spots-accessible-from-the-beach\/\" class=\"wpr-button-effect wpr-button-none\"><span>Read More<\/span><\/a><\/div><\/div><\/div><\/div><\/article><article class=\"wpr-grid-item elementor-clearfix post-3143 post type-post status-publish format-standard has-post-thumbnail hentry category-honduras\"><div class=\"wpr-grid-item-inner\"><div class=\"wpr-grid-media-wrap wpr-effect-size-medium\" data-overlay-link=\"yes\"><div class=\"wpr-grid-image-wrap\" data-src=\"https:\/\/shinyexpatriefrenchie.com\/wp-content\/uploads\/elementor\/thumbs\/How-to-avoid-cruise-crods-in-roatan-rhdggqkt2u4a6r3j6ey19prroo5z1nhnj4tjyq2yt4.png\" data-img-on-hover=\"\"  data-src-secondary=\"\"><img decoding=\"async\" data-no-lazy=\"1\" src=\"https:\/\/shinyexpatriefrenchie.com\/wp-content\/uploads\/elementor\/thumbs\/How-to-avoid-cruise-crods-in-roatan-rhdggqkt2u4a6r3j6ey19prroo5z1nhnj4tjyq2yt4.png\" alt=\"How-to-avoid-cruise-crowds-in-roatan\" class=\"wpr-anim-timing-ease-default\"><\/div><div class=\"wpr-grid-media-hover wpr-animation-wrap\"><div class=\"wpr-grid-media-hover-bg  wpr-overlay-fade-in wpr-anim-size-large wpr-anim-timing-ease-default wpr-anim-transparency\" data-url=\"https:\/\/shinyexpatriefrenchie.com\/fr\/how-to-avoid-cruise-ship-crowds-in-roatan-even-on-6-ship-days\/\"><\/div><\/div><\/div><div class=\"wpr-grid-item-below-content elementor-clearfix\"><div class=\"wpr-grid-item-category elementor-repeater-item-7a9afee wpr-grid-item-display-block wpr-grid-item-align-left wpr-pointer-none wpr-pointer-line-fx wpr-pointer-fx-fade wpr-grid-tax-style-1\"><div class=\"inner-block\"><a class=\"wpr-tax-id-23\" href=\"https:\/\/shinyexpatriefrenchie.com\/fr\/category\/honduras\/\">Honduras<\/a><\/div><\/div><h2 class=\"wpr-grid-item-title elementor-repeater-item-2d29edf wpr-grid-item-display-block wpr-grid-item-align-left wpr-pointer-none wpr-pointer-line-fx wpr-pointer-fx-fade\"><div class=\"inner-block\"><a target=\"_self\"  href=\"https:\/\/shinyexpatriefrenchie.com\/fr\/how-to-avoid-cruise-ship-crowds-in-roatan-even-on-6-ship-days\/\">Comment \u00e9viter la foule des navires de croisi\u00e8re \u00e0 Roat\u00e1n (m\u00eame lors des journ\u00e9es avec 6 bateaux)<\/a><\/div><\/h2><div class=\"wpr-grid-item-date elementor-repeater-item-589fcd9 wpr-grid-item-display-block wpr-grid-item-align-left\"><div class=\"inner-block\"><span>janvier 9, 2026<\/span><\/div><\/div><div class=\"wpr-grid-item-excerpt elementor-repeater-item-0025724 wpr-grid-item-display-block wpr-grid-item-align-left\"><div class=\"inner-block\"><p>Roat\u00e1n is often described as a tropical paradise\u2026 and it truly is.But on some days, up to six cruise ships can dock at the island, bringing 10 000 to 18 000 passengers in just a few hours. The result? Crowded beaches, traffic jams, and packed excursions : if you don\u2019t know how to plan your day. The good news? Even on the busiest cruise days, you can enjoy...<\/p><\/div><\/div><div class=\"wpr-grid-item-read-more elementor-repeater-item-716d6c5 wpr-grid-item-display-block wpr-grid-item-align-left\"><div class=\"inner-block\"><a target=\"_self\" href=\"https:\/\/shinyexpatriefrenchie.com\/fr\/how-to-avoid-cruise-ship-crowds-in-roatan-even-on-6-ship-days\/\" class=\"wpr-button-effect wpr-button-none\"><span>Read More<\/span><\/a><\/div><\/div><\/div><\/div><\/article><\/section><div class=\"wpr-grid-pagination elementor-clearfix wpr-grid-pagination-numbered\" data-pages=\"2\"><div class=\"wpr-grid-pagi-left-arrows\"><span class=\"wpr-prev-page wpr-disabled-arrow\"><i class=\"fas fa-angle-double-left\"><\/i><span>Prev<\/span><\/span><\/div><span class=\"wpr-grid-current-page\">1<\/span><a href=\"https:\/\/shinyexpatriefrenchie.com\/fr\/wp-json\/wp\/v2\/pages\/2726\/page\/2\/\">2<\/a><div class=\"wpr-grid-pagi-right-arrows\"><a href=\"https:\/\/shinyexpatriefrenchie.com\/fr\/wp-json\/wp\/v2\/pages\/2726\/page\/2\/\" class=\"wpr-next-page\"><span>Next<\/span><i class=\"fas fa-angle-double-right\"><\/i><\/a><\/div><\/div>\t\t\t\t<\/div>\n\t\t\t\t<\/div>\n\t\t\t\t\t<\/div>\n\t\t<\/div>\n\t\t\t\t\t<\/div>\n\t\t<\/section>\n\t\t\t\t<\/div>","protected":false},"excerpt":{"rendered":"<p>MOROCCO All Honduras Honduras Most Beautiful Beaches in Roat\u00e1n June 3, 2025 Bonjour ! Nestled in the Caribbean Sea, just off the coast of Honduras, Roat\u00e1n is a hidden gem that still remains unknown to many. Indeed, with its turquoise waters, white sand, and laid-back vibe, this island offers everything beach and snorkeling lovers could dream of. In other words, it\u2019s a tropical paradise. If you\u2019re looking for lagoon-like beaches but want to avoid flying to the Maldives, then Roat\u00e1n&#8230; Read More<\/p>","protected":false},"author":1,"featured_media":2487,"parent":0,"menu_order":0,"comment_status":"closed","ping_status":"closed","template":"","meta":{"_uag_custom_page_level_css":"","wprm-recipe-roundup-name":"","wprm-recipe-roundup-description":"","site-sidebar-layout":"no-sidebar","site-content-layout":"page-builder","ast-site-content-layout":"full-width-container","site-content-style":"default","site-sidebar-style":"default","ast-global-header-display":"","ast-banner-title-visibility":"","ast-main-header-display":"","ast-hfb-above-header-display":"","ast-hfb-below-header-display":"","ast-hfb-mobile-header-display":"","site-post-title":"disabled","ast-breadcrumbs-content":"","ast-featured-img":"disabled","footer-sml-layout":"","theme-transparent-header-meta":"","adv-header-id-meta":"","stick-header-meta":"","header-above-stick-meta":"","header-main-stick-meta":"","header-below-stick-meta":"","astra-migrate-meta-layouts":"default","ast-page-background-enabled":"default","ast-page-background-meta":{"desktop":{"background-color":"","background-image":"","background-repeat":"repeat","background-position":"center center","background-size":"auto","background-attachment":"scroll","background-type":"","background-media":"","overlay-type":"","overlay-color":"","overlay-opacity":"","overlay-gradient":""},"tablet":{"background-color":"","background-image":"","background-repeat":"repeat","background-position":"center center","background-size":"auto","background-attachment":"scroll","background-type":"","background-media":"","overlay-type":"","overlay-color":"","overlay-opacity":"","overlay-gradient":""},"mobile":{"background-color":"","background-image":"","background-repeat":"repeat","background-position":"center center","background-size":"auto","background-attachment":"scroll","background-type":"","background-media":"","overlay-type":"","overlay-color":"","overlay-opacity":"","overlay-gradient":""}},"ast-content-background-meta":{"desktop":{"background-color":"var(--ast-global-color-5)","background-image":"","background-repeat":"repeat","background-position":"center center","background-size":"auto","background-attachment":"scroll","background-type":"","background-media":"","overlay-type":"","overlay-color":"","overlay-opacity":"","overlay-gradient":""},"tablet":{"background-color":"var(--ast-global-color-5)","background-image":"","background-repeat":"repeat","background-position":"center center","background-size":"auto","background-attachment":"scroll","background-type":"","background-media":"","overlay-type":"","overlay-color":"","overlay-opacity":"","overlay-gradient":""},"mobile":{"background-color":"var(--ast-global-color-5)","background-image":"","background-repeat":"repeat","background-position":"center center","background-size":"auto","background-attachment":"scroll","background-type":"","background-media":"","overlay-type":"","overlay-color":"","overlay-opacity":"","overlay-gradient":""}},"footnotes":""},"class_list":["post-2726","page","type-page","status-publish","has-post-thumbnail","hentry"],"aioseo_notices":[],"uagb_featured_image_src":{"full":["https:\/\/shinyexpatriefrenchie.com\/wp-content\/uploads\/2025\/06\/3.png",500,600,false],"thumbnail":["https:\/\/shinyexpatriefrenchie.com\/wp-content\/uploads\/2025\/06\/3-150x150.png",150,150,true],"medium":["https:\/\/shinyexpatriefrenchie.com\/wp-content\/uploads\/2025\/06\/3-250x300.png",250,300,true],"medium_large":["https:\/\/shinyexpatriefrenchie.com\/wp-content\/uploads\/2025\/06\/3.png",500,600,false],"large":["https:\/\/shinyexpatriefrenchie.com\/wp-content\/uploads\/2025\/06\/3.png",500,600,false],"1536x1536":["https:\/\/shinyexpatriefrenchie.com\/wp-content\/uploads\/2025\/06\/3.png",500,600,false],"2048x2048":["https:\/\/shinyexpatriefrenchie.com\/wp-content\/uploads\/2025\/06\/3.png",500,600,false],"trp-custom-language-flag":["https:\/\/shinyexpatriefrenchie.com\/wp-content\/uploads\/2025\/06\/3.png",10,12,false],"wprm-metadata-1_1":["https:\/\/shinyexpatriefrenchie.com\/wp-content\/uploads\/2025\/06\/3-500x500.png",500,500,true],"wprm-metadata-4_3":["https:\/\/shinyexpatriefrenchie.com\/wp-content\/uploads\/2025\/06\/3-500x375.png",500,375,true],"wprm-metadata-16_9":["https:\/\/shinyexpatriefrenchie.com\/wp-content\/uploads\/2025\/06\/3-480x270.png",480,270,true]},"uagb_author_info":{"display_name":"valentinelouisemarie@gmail.com","author_link":"https:\/\/shinyexpatriefrenchie.com\/fr\/author\/valentinelouisemariegmail-com\/"},"uagb_comment_info":0,"uagb_excerpt":"MOROCCO All Honduras Honduras Most Beautiful Beaches in Roat\u00e1n June 3, 2025 Bonjour ! Nestled in the Caribbean Sea, just off the coast of Honduras, Roat\u00e1n is a hidden gem that still remains unknown to many. Indeed, with its turquoise waters, white sand, and laid-back vibe, this island offers everything beach and snorkeling lovers could\u2026","_links":{"self":[{"href":"https:\/\/shinyexpatriefrenchie.com\/fr\/wp-json\/wp\/v2\/pages\/2726","targetHints":{"allow":["GET"]}}],"collection":[{"href":"https:\/\/shinyexpatriefrenchie.com\/fr\/wp-json\/wp\/v2\/pages"}],"about":[{"href":"https:\/\/shinyexpatriefrenchie.com\/fr\/wp-json\/wp\/v2\/types\/page"}],"author":[{"embeddable":true,"href":"https:\/\/shinyexpatriefrenchie.com\/fr\/wp-json\/wp\/v2\/users\/1"}],"replies":[{"embeddable":true,"href":"https:\/\/shinyexpatriefrenchie.com\/fr\/wp-json\/wp\/v2\/comments?post=2726"}],"version-history":[{"count":4,"href":"https:\/\/shinyexpatriefrenchie.com\/fr\/wp-json\/wp\/v2\/pages\/2726\/revisions"}],"predecessor-version":[{"id":2731,"href":"https:\/\/shinyexpatriefrenchie.com\/fr\/wp-json\/wp\/v2\/pages\/2726\/revisions\/2731"}],"wp:featuredmedia":[{"embeddable":true,"href":"https:\/\/shinyexpatriefrenchie.com\/fr\/wp-json\/wp\/v2\/media\/2487"}],"wp:attachment":[{"href":"https:\/\/shinyexpatriefrenchie.com\/fr\/wp-json\/wp\/v2\/media?parent=2726"}],"curies":[{"name":"wp","href":"https:\/\/api.w.org\/{rel}","templated":true}]}}